{"id":900,"date":"2021-05-13T05:05:52","date_gmt":"2021-05-13T05:05:52","guid":{"rendered":"https:\/\/massagemestoril.com\/about\/"},"modified":"2023-04-11T19:35:14","modified_gmt":"2023-04-11T19:35:14","slug":"sobre","status":"publish","type":"page","link":"https:\/\/massagemestoril.com\/en\/sobre\/","title":{"rendered":"About"},"content":{"rendered":"<div class=\"wp-block-uagb-container uagb-block-00512de7 alignfull uagb-is-root-container\"><div class=\"uagb-container-inner-blocks-wrap\">\n<div class=\"wp-block-uagb-advanced-heading uagb-block-761713a4\"><h1 class=\"uagb-heading-text\">About Us<\/h1><\/div>\n<\/div><\/div>\n\n\n\n<div class=\"wp-block-uagb-container uagb-block-351643eb alignfull uagb-is-root-container\"><div class=\"uagb-container-inner-blocks-wrap\">\n<div class=\"wp-block-uagb-container uagb-block-edb4c92e\">\n<div class=\"wp-block-uagb-advanced-heading uagb-block-10cfd159\"><h2 class=\"uagb-heading-text\">About Massage Estoril<\/h2><p class=\"uagb-desc-text\">Welcome to our Estoril massage studio! Our goal is to give our clients the greatest massage experience possible so they can feel better overall and suffer less stress and pain.<\/p><\/div>\n\n\n\n<div class=\"wp-block-uagb-advanced-heading uagb-block-a24a937a\"><p class=\"uagb-desc-text\">Our massage studio is run by a professional with over 17 years of expertise who is committed to providing each customer with a unique massage experience.<br><br>We endeavor to provide a tranquil and welcoming environment where our clients can completely unwind and recharge since we believe in the power of touch and the advantages of massage therapy.<\/p><\/div>\n<\/div>\n\n\n\n<div class=\"wp-block-uagb-container uagb-block-ba19b2e1\">\n<div class=\"wp-block-uagb-image uagb-block-85cafae7 wp-block-uagb-image--layout-default wp-block-uagb-image--effect-static wp-block-uagb-image--align-none\"><figure class=\"wp-block-uagb-image__figure\"><img decoding=\"async\" data-srcset=\"https:\/\/massagemestoril.com\/wp-content\/uploads\/2023\/02\/1641899453_6-damion-club-p-fon-dlya-reklami-massazha-7-1-1024x569.jpg\" data-src=\"https:\/\/massagemestoril.com\/wp-content\/uploads\/2023\/02\/1641899453_6-damion-club-p-fon-dlya-reklami-massazha-7-1-1024x569.jpg\" alt=\"lista de servi\u00e7os de massagem que fornecemos\" class=\"uag-image-1409 lazyload\" width=\"293\" height=\"162\" title=\"\" src=\"data:image\/svg+xml;base64,PHN2ZyB3aWR0aD0iMSIgaGVpZ2h0PSIxIiB4bWxucz0iaHR0cDovL3d3dy53My5vcmcvMjAwMC9zdmciPjwvc3ZnPg==\" style=\"--smush-placeholder-width: 293px; --smush-placeholder-aspect-ratio: 293\/162;\" \/><\/figure><\/div>\n<\/div>\n<\/div><\/div>\n\n\n\n<div class=\"wp-block-uagb-container uagb-block-b8cb3857 alignfull uagb-is-root-container\"><div class=\"uagb-container-inner-blocks-wrap\">\n<div class=\"wp-block-uagb-container uagb-block-3f26a525\">\n<div class=\"wp-block-uagb-image uagb-block-3f4b7470 wp-block-uagb-image--layout-default wp-block-uagb-image--effect-static wp-block-uagb-image--align-none\"><figure class=\"wp-block-uagb-image__figure\"><img decoding=\"async\" data-srcset=\"https:\/\/massagemestoril.com\/wp-content\/uploads\/2023\/02\/wellness-1989860_1920-1024x683.jpg\" data-src=\"https:\/\/massagemestoril.com\/wp-content\/uploads\/2023\/02\/wellness-1989860_1920-1024x683.jpg\" alt=\"massagem nas costas no estoril\" class=\"uag-image-1371 lazyload\" width=\"\" height=\"\" title=\"\" src=\"data:image\/svg+xml;base64,PHN2ZyB3aWR0aD0iMSIgaGVpZ2h0PSIxIiB4bWxucz0iaHR0cDovL3d3dy53My5vcmcvMjAwMC9zdmciPjwvc3ZnPg==\" style=\"--smush-placeholder-width: 1024px; --smush-placeholder-aspect-ratio: 1024\/683;\" \/><\/figure><\/div>\n<\/div>\n\n\n\n<div class=\"wp-block-uagb-container uagb-block-479bf0cc\">\n<div class=\"wp-block-uagb-advanced-heading uagb-block-62c2068d\"><h2 class=\"uagb-heading-text\">Our Mission<\/h2><p class=\"uagb-desc-text\"><strong><strong>We offer high-quality massage services to make your day!<\/strong><\/strong><\/p><\/div>\n\n\n\n<div class=\"wp-block-uagb-advanced-heading uagb-block-3be8dcf4\"><p class=\"uagb-desc-text\">Providing the best massage experience in Estoril to help our clients reduce stress, relieve pain, and improve overall well-being.<\/p><\/div>\n<\/div>\n\n\n\n<div class=\"wp-block-uagb-buttons uagb-buttons__outer-wrap uagb-btn__default-btn uagb-btn-tablet__default-btn uagb-btn-mobile__default-btn uagb-block-40b9ce46\"><div class=\"uagb-buttons__wrap uagb-buttons-layout-wrap\">\n<div class=\"wp-block-uagb-buttons-child uagb-buttons__outer-wrap uagb-block-5a4110f9 wp-block-button is-style-outline\"><div class=\"uagb-button__wrapper\"><a class=\"uagb-buttons-repeater wp-block-button__link\" href=\"https:\/\/massagemestoril.setmore.com\/\" onclick=\"return true;\" rel=\"follow noopener\" target=\"_blank\"><div class=\"uagb-button__link\">Book Now <\/div><\/a><\/div><\/div>\n<\/div><\/div>\n<\/div><\/div>\n\n\n\n<div class=\"wp-block-uagb-container uagb-block-411c8dd1 alignfull uagb-is-root-container\"><div class=\"uagb-container-inner-blocks-wrap\">\n<div class=\"wp-block-uagb-container uagb-block-8fdd4623\">\n<div class=\"wp-block-uagb-icon-list uagb-block-06a9d20b\"><div class=\"uagb-icon-list__wrap\">\n<div class=\"wp-block-uagb-icon-list-child uagb-block-de4b0b9c\"><span class=\"uagb-icon-list__source-wrap\"><svg xmlns=\"https:\/\/www.w3.org\/2000\/svg\" viewbox=\"0 0 448 512\"><path d=\"M182.6 246.6C170.1 259.1 149.9 259.1 137.4 246.6L57.37 166.6C44.88 154.1 44.88 133.9 57.37 121.4C69.87 108.9 90.13 108.9 102.6 121.4L159.1 178.7L297.4 41.37C309.9 28.88 330.1 28.88 342.6 41.37C355.1 53.87 355.1 74.13 342.6 86.63L182.6 246.6zM182.6 470.6C170.1 483.1 149.9 483.1 137.4 470.6L9.372 342.6C-3.124 330.1-3.124 309.9 9.372 297.4C21.87 284.9 42.13 284.9 54.63 297.4L159.1 402.7L393.4 169.4C405.9 156.9 426.1 156.9 438.6 169.4C451.1 181.9 451.1 202.1 438.6 214.6L182.6 470.6z\"><\/path><\/svg><\/span><span class=\"uagb-icon-list__label\"><strong>Our Advantages<\/strong><\/span><\/div>\n\n\n\n<div class=\"wp-block-uagb-icon-list-child uagb-block-9768ed6e\"><a target=\"_self\" aria-label=\"Professional and experienced: Our massage therapist has over 17 years of experience and is dedicated to providing a personalized massage experience to each client.\" rel=\"noopener noreferrer\" href=\"#\"> <\/a><span class=\"uagb-icon-list__source-wrap\"><svg xmlns=\"https:\/\/www.w3.org\/2000\/svg\" viewbox=\"0 0 256 512\"><path d=\"M118.6 105.4l128 127.1C252.9 239.6 256 247.8 256 255.1s-3.125 16.38-9.375 22.63l-128 127.1c-9.156 9.156-22.91 11.9-34.88 6.943S64 396.9 64 383.1V128c0-12.94 7.781-24.62 19.75-29.58S109.5 96.23 118.6 105.4z\"><\/path><\/svg><\/span><span class=\"uagb-icon-list__label\"><strong>Professional and experienced: <\/strong>Our massage therapist has over 17 years of experience and is dedicated to providing a personalized massage experience to each client.<\/span><\/div>\n\n\n\n<div class=\"wp-block-uagb-icon-list-child uagb-block-838c668e\"><a target=\"_self\" aria-label=\"Ambiente relaxante e confort\u00e1vel: Acreditamos que criar um ambiente tranquilo e pac\u00edfico \u00e9 fundamental para fornecer uma experi\u00eancia de massagem agrad\u00e1vel. Nosso est\u00fadio foi projetado para ser um o\u00e1sis relaxante, onde voc\u00ea pode esquecer suas preocupa\u00e7\u00f5es e relaxar completamente.\" rel=\"noopener noreferrer\" href=\"#\"> <\/a><span class=\"uagb-icon-list__source-wrap\"><svg xmlns=\"https:\/\/www.w3.org\/2000\/svg\" viewbox=\"0 0 256 512\"><path d=\"M118.6 105.4l128 127.1C252.9 239.6 256 247.8 256 255.1s-3.125 16.38-9.375 22.63l-128 127.1c-9.156 9.156-22.91 11.9-34.88 6.943S64 396.9 64 383.1V128c0-12.94 7.781-24.62 19.75-29.58S109.5 96.23 118.6 105.4z\"><\/path><\/svg><\/span><span class=\"uagb-icon-list__label\"><strong>Relaxing and comfortable environment:<\/strong> We believe that creating a peaceful and tranquil environment is key to providing an enjoyable massage experience. Our studio is designed to be a relaxing oasis where you can forget about your worries and fully unwind.<\/span><\/div>\n<\/div><\/div>\n<\/div>\n\n\n\n<div class=\"wp-block-uagb-container uagb-block-bd580094\">\n<div class=\"wp-block-uagb-icon-list uagb-block-2a56d06d\"><div class=\"uagb-icon-list__wrap\">\n<div class=\"wp-block-uagb-icon-list-child uagb-block-c1d736bd\"><span class=\"uagb-icon-list__source-wrap\"><svg xmlns=\"https:\/\/www.w3.org\/2000\/svg\" viewbox=\"0 0 384 512\"><path d=\"M240.5 224H352C365.3 224 377.3 232.3 381.1 244.7C386.6 257.2 383.1 271.3 373.1 280.1L117.1 504.1C105.8 513.9 89.27 514.7 77.19 505.9C65.1 497.1 60.7 481.1 66.59 467.4L143.5 288H31.1C18.67 288 6.733 279.7 2.044 267.3C-2.645 254.8 .8944 240.7 10.93 231.9L266.9 7.918C278.2-1.92 294.7-2.669 306.8 6.114C318.9 14.9 323.3 30.87 317.4 44.61L240.5 224z\"><\/path><\/svg><\/span><span class=\"uagb-icon-list__label\"><strong>Our Atittude<\/strong><\/span><\/div>\n\n\n\n<div class=\"wp-block-uagb-icon-list-child uagb-block-fe270a2a\"><a target=\"_self\" aria-label=\"Servi\u00e7os de alta qualidade: Priorizamos o uso de \u00f3leos e equipamentos de massagem de alta qualidade para proporcionar a melhor experi\u00eancia poss\u00edvel.\" rel=\"noopener noreferrer\" href=\"#\"> <\/a><span class=\"uagb-icon-list__source-wrap\"><svg xmlns=\"https:\/\/www.w3.org\/2000\/svg\" viewbox=\"0 0 256 512\"><path d=\"M118.6 105.4l128 127.1C252.9 239.6 256 247.8 256 255.1s-3.125 16.38-9.375 22.63l-128 127.1c-9.156 9.156-22.91 11.9-34.88 6.943S64 396.9 64 383.1V128c0-12.94 7.781-24.62 19.75-29.58S109.5 96.23 118.6 105.4z\"><\/path><\/svg><\/span><span class=\"uagb-icon-list__label\"><strong>High-quality services:<\/strong> We prioritize the use of top-quality massage oils and equipment to provide you with the best possible massage experience<\/span><\/div>\n\n\n\n<div class=\"wp-block-uagb-icon-list-child uagb-block-e359b0f3\"><a target=\"_self\" aria-label=\"Abordagem personalizada: Entendemos que cada cliente \u00e9 \u00fanico e tem necessidades diferentes. Por isso, adotamos uma abordagem personalizada para cada sess\u00e3o de massagem, adaptando-a para abordar suas preocupa\u00e7\u00f5es e prefer\u00eancias espec\u00edficas. Nosso objetivo \u00e9 garantir que voc\u00ea saia de nosso est\u00fadio se sentindo rejuvenescido e revigorado.\" rel=\"noopener noreferrer\" href=\"#\"> <\/a><span class=\"uagb-icon-list__source-wrap\"><svg xmlns=\"https:\/\/www.w3.org\/2000\/svg\" viewbox=\"0 0 256 512\"><path d=\"M118.6 105.4l128 127.1C252.9 239.6 256 247.8 256 255.1s-3.125 16.38-9.375 22.63l-128 127.1c-9.156 9.156-22.91 11.9-34.88 6.943S64 396.9 64 383.1V128c0-12.94 7.781-24.62 19.75-29.58S109.5 96.23 118.6 105.4z\"><\/path><\/svg><\/span><span class=\"uagb-icon-list__label\"><strong>Personalized approach:<\/strong> We understand that each client is unique and has different needs. Therefore, we take a personalized approach to each massage session, tailoring it to address your specific concerns and preferences. Our goal is to ensure that you leave our studio feeling rejuvenated and revitalized.<\/span><\/div>\n<\/div><\/div>\n<\/div>\n<\/div><\/div>\n\n\n\n<div class=\"wp-block-uagb-container uagb-block-8f488847 alignfull uagb-is-root-container\"><div class=\"uagb-container-inner-blocks-wrap\">\n<div class=\"wp-block-uagb-container uagb-block-2157bd01\">\n<div class=\"wp-block-uagb-advanced-heading uagb-block-797dc471\"><h2 class=\"uagb-heading-text\">Book Your Session Now:<\/h2><\/div>\n<\/div>\n\n\n\n<div class=\"wp-block-uagb-container uagb-block-4b7261d5\">\n<div class=\"wp-block-uagb-buttons uagb-buttons__outer-wrap uagb-btn__default-btn uagb-btn-tablet__default-btn uagb-btn-mobile__default-btn uagb-block-50e51707\"><div class=\"uagb-buttons__wrap uagb-buttons-layout-wrap\">\n<div class=\"wp-block-uagb-buttons-child uagb-buttons__outer-wrap uagb-block-935f899c wp-block-button\"><div class=\"uagb-button__wrapper\"><a class=\"uagb-buttons-repeater wp-block-button__link\" href=\"https:\/\/massagemestoril.setmore.com\/\" onclick=\"return true;\" rel=\"follow noopener\" target=\"_blank\"><div class=\"uagb-button__link\">Book a Massage Now<\/div><\/a><\/div><\/div>\n<\/div><\/div>\n<\/div>\n<\/div><\/div>\n\n\n\n<iframe data-src=\"https:\/\/www.google.com\/maps\/embed?pb=!1m18!1m12!1m3!1d3113.387947359452!2d-9.398909782673519!3d38.70890124827053!2m3!1f0!2f0!3f0!3m2!1i1024!2i768!4f13.1!3m3!1m2!1s0xd1ec5c6889f64db%3A0x8ba1607bd8867884!2sR.%20Prof.%20Dr.%20Egas%20Moniz%202%2C%202765-207%20Estoril%2C%20Portugal!5e0!3m2!1sen!2sua!4v1677278846518!5m2!1sen!2sua\" width=\"1200\" height=\"470\" style=\"border:0;\" allowfullscreen=\"\" referrerpolicy=\"no-referrer-when-downgrade\" src=\"data:image\/svg+xml;base64,PHN2ZyB3aWR0aD0iMSIgaGVpZ2h0PSIxIiB4bWxucz0iaHR0cDovL3d3dy53My5vcmcvMjAwMC9zdmciPjwvc3ZnPg==\" class=\"lazyload\" data-load-mode=\"1\"><\/iframe>","protected":false},"excerpt":{"rendered":"<p>Sobre N\u00f3s Sobre Massagem Estoril Bem-vindo ao nosso est\u00fadio de massagem em Estoril! Nosso objetivo \u00e9 oferecer aos nossos clientes a melhor experi\u00eancia em massagem poss\u00edvel, para que possam se sentir melhor no geral e sofrer menos estresse e dor. Nosso est\u00fadio de massagem \u00e9 administrado por um profissional com mais de 17 anos de [&hellip;]<\/p>\n","protected":false},"author":1,"featured_media":0,"parent":0,"menu_order":0,"comment_status":"closed","ping_status":"closed","template":"","meta":{"_uag_custom_page_level_css":"","site-sidebar-layout":"no-sidebar","site-content-layout":"plain-container","ast-site-content-layout":"","site-content-style":"default","site-sidebar-style":"default","ast-global-header-display":"","ast-banner-title-visibility":"","ast-main-header-display":"","ast-hfb-above-header-display":"","ast-hfb-below-header-display":"","ast-hfb-mobile-header-display":"","site-post-title":"disabled","ast-breadcrumbs-content":"","ast-featured-img":"disabled","footer-sml-layout":"","theme-transparent-header-meta":"enabled","adv-header-id-meta":"","stick-header-meta":"","header-above-stick-meta":"","header-main-stick-meta":"","header-below-stick-meta":"","astra-migrate-meta-layouts":"default","ast-page-background-enabled":"default","ast-page-background-meta":{"desktop":{"background-color":"","background-image":"","background-repeat":"repeat","background-position":"center center","background-size":"auto","background-attachment":"scroll","background-type":"","background-media":"","overlay-type":"","overlay-color":"","overlay-gradient":""},"tablet":{"background-color":"","background-image":"","background-repeat":"repeat","background-position":"center center","background-size":"auto","background-attachment":"scroll","background-type":"","background-media":"","overlay-type":"","overlay-color":"","overlay-gradient":""},"mobile":{"background-color":"","background-image":"","background-repeat":"repeat","background-position":"center center","background-size":"auto","background-attachment":"scroll","background-type":"","background-media":"","overlay-type":"","overlay-color":"","overlay-gradient":""}},"ast-content-background-meta":{"desktop":{"background-color":"var(--ast-global-color-5)","background-image":"","background-repeat":"repeat","background-position":"center center","background-size":"auto","background-attachment":"scroll","background-type":"","background-media":"","overlay-type":"","overlay-color":"","overlay-gradient":""},"tablet":{"background-color":"var(--ast-global-color-5)","background-image":"","background-repeat":"repeat","background-position":"center center","background-size":"auto","background-attachment":"scroll","background-type":"","background-media":"","overlay-type":"","overlay-color":"","overlay-gradient":""},"mobile":{"background-color":"var(--ast-global-color-5)","background-image":"","background-repeat":"repeat","background-position":"center center","background-size":"auto","background-attachment":"scroll","background-type":"","background-media":"","overlay-type":"","overlay-color":"","overlay-gradient":""}},"footnotes":""},"class_list":["post-900","page","type-page","status-publish","hentry"],"uagb_featured_image_src":{"full":false,"thumbnail":false,"medium":false,"medium_large":false,"large":false,"1536x1536":false,"2048x2048":false,"trp-custom-language-flag":false},"uagb_author_info":{"display_name":"admin","author_link":"https:\/\/massagemestoril.com\/en\/author\/admin\/"},"uagb_comment_info":0,"uagb_excerpt":"Sobre N\u00f3s Sobre Massagem Estoril Bem-vindo ao nosso est\u00fadio de massagem em Estoril! Nosso objetivo \u00e9 oferecer aos nossos clientes a melhor experi\u00eancia em massagem poss\u00edvel, para que possam se sentir melhor no geral e sofrer menos estresse e dor. Nosso est\u00fadio de massagem \u00e9 administrado por um profissional com mais de 17 anos de&hellip;","_links":{"self":[{"href":"https:\/\/massagemestoril.com\/en\/wp-json\/wp\/v2\/pages\/900","targetHints":{"allow":["GET"]}}],"collection":[{"href":"https:\/\/massagemestoril.com\/en\/wp-json\/wp\/v2\/pages"}],"about":[{"href":"https:\/\/massagemestoril.com\/en\/wp-json\/wp\/v2\/types\/page"}],"author":[{"embeddable":true,"href":"https:\/\/massagemestoril.com\/en\/wp-json\/wp\/v2\/users\/1"}],"replies":[{"embeddable":true,"href":"https:\/\/massagemestoril.com\/en\/wp-json\/wp\/v2\/comments?post=900"}],"version-history":[{"count":16,"href":"https:\/\/massagemestoril.com\/en\/wp-json\/wp\/v2\/pages\/900\/revisions"}],"predecessor-version":[{"id":1532,"href":"https:\/\/massagemestoril.com\/en\/wp-json\/wp\/v2\/pages\/900\/revisions\/1532"}],"wp:attachment":[{"href":"https:\/\/massagemestoril.com\/en\/wp-json\/wp\/v2\/media?parent=900"}],"curies":[{"name":"wp","href":"https:\/\/api.w.org\/{rel}","templated":true}]}}