{"id":2029,"date":"2024-03-01T00:24:06","date_gmt":"2024-03-01T00:24:06","guid":{"rendered":"https:\/\/massagemestoril.com\/?page_id=2029"},"modified":"2025-04-05T22:00:13","modified_gmt":"2025-04-05T22:00:13","slug":"massagem-terapeutica","status":"publish","type":"page","link":"https:\/\/massagemestoril.com\/en\/massagem-terapeutica\/","title":{"rendered":"Massagem Terap\u00eautica"},"content":{"rendered":"<div class=\"wp-block-uagb-container uagb-block-52b5ed08 alignfull uagb-is-root-container\">\n<div class=\"wp-block-uagb-container uagb-block-f97a1639\">\n<div class=\"wp-block-uagb-info-box uagb-block-0963f1ef uagb-infobox__content-wrap  uagb-infobox-icon-above-title uagb-infobox-image-valign-top\"><div class=\"uagb-ifb-content\"><div class=\"uagb-ifb-title-wrap\"><h3 class=\"uagb-ifb-title\">Massagem Terap\u00eautica<\/h3><\/div><div class=\"uagb-ifb-separator\"><\/div><p class=\"uagb-ifb-desc\"><br>A massagem terap\u00eautica \u00e9 uma excelente maneira de aliviar a tens\u00e3o muscular e dores, promover o relaxamento e melhorar a circula\u00e7\u00e3o sangu\u00ednea. Este tipo de massagem envolve o uso de movimentos firmes e lentos que trabalham profundamente nos m\u00fasculos, com o objetivo de liberar qualquer aperto ou n\u00f3s que possam ter se formado.<br><br>As costas, pesco\u00e7o, ombros e pernas podem ser tratados com massagem terap\u00eautica, que \u00e9 um m\u00e9todo de tratamento flex\u00edvel. A fim de ajudar a tratar os sintomas de doen\u00e7as m\u00e9dicas como fibromialgia, artrite e dor cr\u00f4nica, \u00e9 frequentemente combinado com outros tratamentos.<br><br>Durante uma massagem terap\u00eautica, o terapeuta come\u00e7ar\u00e1 por aplicar uma leve press\u00e3o para aquecer os m\u00fasculos. \u00c0 medida que a sess\u00e3o progride, eles aumentam gradualmente a press\u00e3o, concentrando-se nas \u00e1reas do corpo que exigem mais aten\u00e7\u00e3o.<br><\/p><\/div><\/div>\n<\/div>\n\n\n\n<div class=\"wp-block-uagb-container uagb-block-30cdcfbd\">\n<div class=\"wp-block-uagb-image uagb-block-eaacd3f3 wp-block-uagb-image--layout-default wp-block-uagb-image--effect-static wp-block-uagb-image--align-none is-style-rounded\"><figure class=\"wp-block-uagb-image__figure\"><img decoding=\"async\" data-srcset=\"https:\/\/massagemestoril.com\/wp-content\/uploads\/2024\/03\/massagem-terapeutica-e-uma-excelente-maneira-de-aliviar-a-tensao-muscular-1024x585.webp ,https:\/\/massagemestoril.com\/wp-content\/uploads\/2024\/03\/massagem-terapeutica-e-uma-excelente-maneira-de-aliviar-a-tensao-muscular.webp 780w, https:\/\/massagemestoril.com\/wp-content\/uploads\/2024\/03\/massagem-terapeutica-e-uma-excelente-maneira-de-aliviar-a-tensao-muscular.webp 360w\" data-sizes=\"auto, (max-width: 480px) 150px\" data-src=\"https:\/\/massagemestoril.com\/wp-content\/uploads\/2024\/03\/massagem-terapeutica-e-uma-excelente-maneira-de-aliviar-a-tensao-muscular-1024x585.webp\" alt=\" massagem terap\u00eautica \u00e9 uma excelente maneira de aliviar a tens\u00e3o muscular \" class=\"uag-image-2031 lazyload\" width=\"1024\" height=\"585\" title=\"massagem terap\u00eautica \u00e9 uma excelente maneira de aliviar a tens\u00e3o muscular\" role=\"img\" src=\"data:image\/svg+xml;base64,PHN2ZyB3aWR0aD0iMSIgaGVpZ2h0PSIxIiB4bWxucz0iaHR0cDovL3d3dy53My5vcmcvMjAwMC9zdmciPjwvc3ZnPg==\" style=\"--smush-placeholder-width: 1024px; --smush-placeholder-aspect-ratio: 1024\/585;\" \/><\/figure><\/div>\n<\/div>\n<\/div>\n\n\n\n<div class=\"wp-block-uagb-container uag-hide-mob uagb-block-cddc138b alignfull uagb-is-root-container\">\n<div class=\"wp-block-uagb-container uagb-block-dccd2c94\">\n<div class=\"wp-block-uagb-image uagb-block-54bf6e88 wp-block-uagb-image--layout-default wp-block-uagb-image--effect-static wp-block-uagb-image--align-none is-style-rounded\"><figure class=\"wp-block-uagb-image__figure\"><img decoding=\"async\" data-srcset=\"https:\/\/massagemestoril.com\/wp-content\/uploads\/2024\/03\/principais-beneficios-da-massagem-terapeutica-e-a-sua-capacidade-de-promover-o-relaxamento-1024x585.webp ,https:\/\/massagemestoril.com\/wp-content\/uploads\/2024\/03\/principais-beneficios-da-massagem-terapeutica-e-a-sua-capacidade-de-promover-o-relaxamento.webp 780w, https:\/\/massagemestoril.com\/wp-content\/uploads\/2024\/03\/principais-beneficios-da-massagem-terapeutica-e-a-sua-capacidade-de-promover-o-relaxamento.webp 360w\" data-sizes=\"auto, (max-width: 480px) 150px\" data-src=\"https:\/\/massagemestoril.com\/wp-content\/uploads\/2024\/03\/principais-beneficios-da-massagem-terapeutica-e-a-sua-capacidade-de-promover-o-relaxamento-1024x585.webp\" alt=\"principais benef\u00edcios da massagem terap\u00eautica \u00e9 a sua capacidade de promover o relaxamento\" class=\"uag-image-2032 lazyload\" width=\"1024\" height=\"585\" title=\"principais benef\u00edcios da massagem terap\u00eautica \u00e9 a sua capacidade de promover o relaxamento\" role=\"img\" src=\"data:image\/svg+xml;base64,PHN2ZyB3aWR0aD0iMSIgaGVpZ2h0PSIxIiB4bWxucz0iaHR0cDovL3d3dy53My5vcmcvMjAwMC9zdmciPjwvc3ZnPg==\" style=\"--smush-placeholder-width: 1024px; --smush-placeholder-aspect-ratio: 1024\/585;\" \/><\/figure><\/div>\n<\/div>\n\n\n\n<div class=\"wp-block-uagb-container uagb-block-752f8186\">\n<p class=\"has-text-align-center\" style=\"font-size:1em\">Um dos principais benef\u00edcios da massagem terap\u00eautica \u00e9 a sua capacidade de promover o relaxamento. Muitas pessoas acham que os movimentos lentos e profundos da massagem terap\u00eautica ajudam a&nbsp;<a href=\"https:\/\/massagemestoril.com\/en\/4-maneiras-eficazes-de-massagem-reduzir-o-estresse\/\" target=\"_blank\" rel=\"noreferrer noopener\">aliviar o stress e a ansiedade<\/a>, o que pode ter um impacto positivo no seu bem-estar geral.  <br><br>A massagem terap\u00eautica tamb\u00e9m \u00e9 eficaz na redu\u00e7\u00e3o da tens\u00e3o muscular e dor. A t\u00e9cnica funciona soltando os m\u00fasculos e aumentando a flexibilidade, o que pode ajudar a reduzir o risco de les\u00f5es e melhorar a mobilidade. <br><br>No geral, a massagem terap\u00eautica \u00e9 uma maneira eficaz de promover o relaxamento, aliviar a tens\u00e3o muscular e dores, e melhorar a circula\u00e7\u00e3o sangu\u00ednea. Se estiver a sentir quaisquer sintomas de condi\u00e7\u00f5es m\u00e9dicas ou tiver dor ou tens\u00e3o muscular persistente, a massagem terap\u00eautica pode ser uma op\u00e7\u00e3o de tratamento eficaz para si.<\/p>\n<\/div>\n<\/div>\n\n\n\n<div class=\"wp-block-uagb-info-box uagb-block-84bbb053 uagb-infobox__content-wrap  uagb-infobox-icon-above-title uagb-infobox-image-valign-top\"><div class=\"uagb-ifb-content\"><div class=\"uagb-ifb-icon-wrap\"><svg xmlns=\"https:\/\/www.w3.org\/2000\/svg\" viewbox=\"0 0 512 512\"><path d=\"M421.7 220.3L188.5 453.4L154.6 419.5L158.1 416H112C103.2 416 96 408.8 96 400V353.9L92.51 357.4C87.78 362.2 84.31 368 82.42 374.4L59.44 452.6L137.6 429.6C143.1 427.7 149.8 424.2 154.6 419.5L188.5 453.4C178.1 463.8 165.2 471.5 151.1 475.6L30.77 511C22.35 513.5 13.24 511.2 7.03 504.1C.8198 498.8-1.502 489.7 .976 481.2L36.37 360.9C40.53 346.8 48.16 333.9 58.57 323.5L291.7 90.34L421.7 220.3zM492.7 58.75C517.7 83.74 517.7 124.3 492.7 149.3L444.3 197.7L314.3 67.72L362.7 19.32C387.7-5.678 428.3-5.678 453.3 19.32L492.7 58.75z\"><\/path><\/svg><\/div><div class=\"uagb-ifb-title-wrap\"><h3 class=\"uagb-ifb-title\"><strong><strong>Pre\u00e7o para 90 minutos: 60 EURO<br>Pre\u00e7o para 120 <strong>minutos<\/strong>: 80 EURO<\/strong><\/strong><\/h3><\/div><div class=\"uagb-ifb-button-wrapper wp-block-button\"><a href=\"#\" class=\"uagb-infobox-cta-link wp-block-button__link\" target=\"_blank\" rel=\"noopener noreferrer\" onclick=\"return false;\"><span class=\"uagb-inline-editing\">Book Now<\/span><svg xmlns=\"https:\/\/www.w3.org\/2000\/svg\" viewbox=\"0 0 512 512\"><path d=\"M504.3 273.6l-112.1 104c-6.992 6.484-17.18 8.218-25.94 4.406c-8.758-3.812-14.42-12.45-14.42-21.1L351.9 288H32C14.33 288 .0002 273.7 .0002 255.1S14.33 224 32 224h319.9l0-72c0-9.547 5.66-18.19 14.42-22c8.754-3.809 18.95-2.075 25.94 4.41l112.1 104C514.6 247.9 514.6 264.1 504.3 273.6z\"><\/path><\/svg><\/a><\/div><\/div><\/div>\n\n\n\n<iframe data-src=\"https:\/\/www.google.com\/maps\/embed?pb=!1m18!1m12!1m3!1d3113.387947359452!2d-9.398909782673519!3d38.70890124827053!2m3!1f0!2f0!3f0!3m2!1i1024!2i768!4f13.1!3m3!1m2!1s0xd1ec5c6889f64db%3A0x8ba1607bd8867884!2sR.%20Prof.%20Dr.%20Egas%20Moniz%202%2C%202765-207%20Estoril%2C%20Portugal!5e0!3m2!1sen!2sua!4v1677278846518!5m2!1sen!2sua\" width=\"1920\" height=\"500\" style=\"border:0;\" referrerpolicy=\"no-referrer-when-downgrade\" onload=\"this.style.opacity=1;\" src=\"data:image\/svg+xml;base64,PHN2ZyB3aWR0aD0iMSIgaGVpZ2h0PSIxIiB4bWxucz0iaHR0cDovL3d3dy53My5vcmcvMjAwMC9zdmciPjwvc3ZnPg==\" class=\"lazyload\" data-load-mode=\"1\"><\/iframe>","protected":false},"excerpt":{"rendered":"<p>Um dos principais benef\u00edcios da massagem terap\u00eautica \u00e9 a sua capacidade de promover o relaxamento. Muitas pessoas acham que os movimentos lentos e profundos da massagem terap\u00eautica ajudam a&nbsp;aliviar o stress e a ansiedade, o que pode ter um impacto positivo no seu bem-estar geral. A massagem terap\u00eautica tamb\u00e9m \u00e9 eficaz na redu\u00e7\u00e3o da tens\u00e3o [&hellip;]<\/p>\n","protected":false},"author":1,"featured_media":1931,"parent":0,"menu_order":0,"comment_status":"closed","ping_status":"closed","template":"","meta":{"_uag_custom_page_level_css":"","site-sidebar-layout":"default","site-content-layout":"","ast-site-content-layout":"default","site-content-style":"default","site-sidebar-style":"default","ast-global-header-display":"","ast-banner-title-visibility":"","ast-main-header-display":"","ast-hfb-above-header-display":"","ast-hfb-below-header-display":"","ast-hfb-mobile-header-display":"","site-post-title":"disabled","ast-breadcrumbs-content":"","ast-featured-img":"","footer-sml-layout":"","theme-transparent-header-meta":"","adv-header-id-meta":"","stick-header-meta":"","header-above-stick-meta":"","header-main-stick-meta":"","header-below-stick-meta":"","astra-migrate-meta-layouts":"set","ast-page-background-enabled":"default","ast-page-background-meta":{"desktop":{"background-color":"","background-image":"","background-repeat":"repeat","background-position":"center center","background-size":"auto","background-attachment":"scroll","background-type":"","background-media":"","overlay-type":"","overlay-color":"","overlay-gradient":""},"tablet":{"background-color":"","background-image":"","background-repeat":"repeat","background-position":"center center","background-size":"auto","background-attachment":"scroll","background-type":"","background-media":"","overlay-type":"","overlay-color":"","overlay-gradient":""},"mobile":{"background-color":"","background-image":"","background-repeat":"repeat","background-position":"center center","background-size":"auto","background-attachment":"scroll","background-type":"","background-media":"","overlay-type":"","overlay-color":"","overlay-gradient":""}},"ast-content-background-meta":{"desktop":{"background-color":"var(--ast-global-color-5)","background-image":"","background-repeat":"repeat","background-position":"center center","background-size":"auto","background-attachment":"scroll","background-type":"","background-media":"","overlay-type":"","overlay-color":"","overlay-gradient":""},"tablet":{"background-color":"var(--ast-global-color-5)","background-image":"","background-repeat":"repeat","background-position":"center center","background-size":"auto","background-attachment":"scroll","background-type":"","background-media":"","overlay-type":"","overlay-color":"","overlay-gradient":""},"mobile":{"background-color":"var(--ast-global-color-5)","background-image":"","background-repeat":"repeat","background-position":"center center","background-size":"auto","background-attachment":"scroll","background-type":"","background-media":"","overlay-type":"","overlay-color":"","overlay-gradient":""}},"footnotes":""},"class_list":["post-2029","page","type-page","status-publish","has-post-thumbnail","hentry"],"uagb_featured_image_src":{"full":["https:\/\/massagemestoril.com\/wp-content\/uploads\/2023\/04\/massagem-desportiva.webp",1792,1024,false],"thumbnail":["https:\/\/massagemestoril.com\/wp-content\/uploads\/2023\/04\/massagem-desportiva-150x150.webp",150,150,true],"medium":["https:\/\/massagemestoril.com\/wp-content\/uploads\/2023\/04\/massagem-desportiva-300x171.webp",300,171,true],"medium_large":["https:\/\/massagemestoril.com\/wp-content\/uploads\/2023\/04\/massagem-desportiva-768x439.webp",768,439,true],"large":["https:\/\/massagemestoril.com\/wp-content\/uploads\/2023\/04\/massagem-desportiva-1024x585.webp",1024,585,true],"1536x1536":["https:\/\/massagemestoril.com\/wp-content\/uploads\/2023\/04\/massagem-desportiva-1536x878.webp",1536,878,true],"2048x2048":["https:\/\/massagemestoril.com\/wp-content\/uploads\/2023\/04\/massagem-desportiva.webp",1792,1024,false],"trp-custom-language-flag":["https:\/\/massagemestoril.com\/wp-content\/uploads\/2023\/04\/massagem-desportiva-18x10.webp",18,10,true]},"uagb_author_info":{"display_name":"admin","author_link":"https:\/\/massagemestoril.com\/en\/author\/admin\/"},"uagb_comment_info":0,"uagb_excerpt":"Um dos principais benef\u00edcios da massagem terap\u00eautica \u00e9 a sua capacidade de promover o relaxamento. Muitas pessoas acham que os movimentos lentos e profundos da massagem terap\u00eautica ajudam a&nbsp;aliviar o stress e a ansiedade, o que pode ter um impacto positivo no seu bem-estar geral. A massagem terap\u00eautica tamb\u00e9m \u00e9 eficaz na redu\u00e7\u00e3o da tens\u00e3o&hellip;","_links":{"self":[{"href":"https:\/\/massagemestoril.com\/en\/wp-json\/wp\/v2\/pages\/2029","targetHints":{"allow":["GET"]}}],"collection":[{"href":"https:\/\/massagemestoril.com\/en\/wp-json\/wp\/v2\/pages"}],"about":[{"href":"https:\/\/massagemestoril.com\/en\/wp-json\/wp\/v2\/types\/page"}],"author":[{"embeddable":true,"href":"https:\/\/massagemestoril.com\/en\/wp-json\/wp\/v2\/users\/1"}],"replies":[{"embeddable":true,"href":"https:\/\/massagemestoril.com\/en\/wp-json\/wp\/v2\/comments?post=2029"}],"version-history":[{"count":4,"href":"https:\/\/massagemestoril.com\/en\/wp-json\/wp\/v2\/pages\/2029\/revisions"}],"predecessor-version":[{"id":2069,"href":"https:\/\/massagemestoril.com\/en\/wp-json\/wp\/v2\/pages\/2029\/revisions\/2069"}],"wp:featuredmedia":[{"embeddable":true,"href":"https:\/\/massagemestoril.com\/en\/wp-json\/wp\/v2\/media\/1931"}],"wp:attachment":[{"href":"https:\/\/massagemestoril.com\/en\/wp-json\/wp\/v2\/media?parent=2029"}],"curies":[{"name":"wp","href":"https:\/\/api.w.org\/{rel}","templated":true}]}}