{"id":1594,"date":"2023-05-07T20:56:51","date_gmt":"2023-05-07T20:56:51","guid":{"rendered":"https:\/\/massagemestoril.com\/?page_id=1594"},"modified":"2023-05-07T21:25:25","modified_gmt":"2023-05-07T21:25:25","slug":"belfus","status":"publish","type":"page","link":"https:\/\/massagemestoril.com\/en\/belfus\/","title":{"rendered":"BELFUS"},"content":{"rendered":"<div class=\"wp-block-uagb-container uagb-block-e3051309 alignfull uagb-is-root-container\"><div class=\"uagb-container-inner-blocks-wrap\">\n<div class=\"wp-block-uagb-container uagb-block-f31e2a7f\">\n<div class=\"wp-block-uagb-image uagb-block-bdfa226c wp-block-uagb-image--layout-default wp-block-uagb-image--effect-zoomin wp-block-uagb-image--align-none\"><figure class=\"wp-block-uagb-image__figure\"><img decoding=\"async\" data-srcset=\"https:\/\/massagemestoril.com\/wp-content\/uploads\/2023\/05\/BELFUS-Pomada-anti-inflamatoria-100ml.jpg\" data-sizes=\"auto, (max-width: 480px) 150px\" data-src=\"https:\/\/massagemestoril.com\/wp-content\/uploads\/2023\/05\/BELFUS-Pomada-anti-inflamatoria-100ml.jpg\" alt=\"BELFUS Pomada anti-inflamat\u00f3ria 100ml\" class=\"uag-image-1567 lazyload\" width=\"720\" height=\"960\" title=\"\" src=\"data:image\/svg+xml;base64,PHN2ZyB3aWR0aD0iMSIgaGVpZ2h0PSIxIiB4bWxucz0iaHR0cDovL3d3dy53My5vcmcvMjAwMC9zdmciPjwvc3ZnPg==\" style=\"--smush-placeholder-width: 720px; --smush-placeholder-aspect-ratio: 720\/960;\" \/><\/figure><\/div>\n<\/div>\n\n\n\n<div class=\"wp-block-uagb-container uagb-block-5255138d\">\n<p><em>A Pomada Belfus tem uma formula\u00e7\u00e3o com base em produtos naturais e favorece bem o al\u00edvio de m\u00fasculos cansados e doridos, todo o tipo de entorses e traumatismos e tem ainda uma a\u00e7\u00e3o muito eficaz sobre os problemas de circula\u00e7\u00e3o.<\/em><br><strong>Pre\u00e7o: 20.00\u20ac<\/strong><\/p>\n\n\n\n<ul class=\"wp-block-list\">\n<li><strong>Anti-inflamat\u00f3ria e analg\u00e9sica<\/strong>.<br>Ent\u00e3o esta a\u00e7\u00e3o anti-inflamat\u00f3ria e analg\u00e9sica trata todo o tipo de les\u00f5es desportivas (entorses, contus\u00f5es, luxa\u00e7\u00f5es, etc.), sendo a Belfus indicada para todo o tipo de dores musculares, lombares e de reumatismo, assim como para a dissipa\u00e7\u00e3o de n\u00f3dulos e quistos.<\/li>\n\n\n\n<li><strong>Modo de utiliza\u00e7\u00e3o: <br><\/strong>A aplica\u00e7\u00e3o deve ser feita 1 a 3 vezes por dia (adulto) com uma pequena quantidade de creme sobre a zona afetada e deve-se massajar com suavidade at\u00e9 \u00e0 completa absor\u00e7\u00e3o da pomada.<\/li>\n<\/ul>\n\n\n\n<p>O creme Belfus est\u00e1 dispon\u00edvel em boi\u00e3o de 100ml.<\/p>\n<\/div>\n<\/div><\/div>\n\n\n\n<div class=\"wp-block-uagb-buttons uagb-buttons__outer-wrap uagb-btn__default-btn uagb-btn-tablet__default-btn uagb-btn-mobile__default-btn uagb-block-4d3377dd\"><div class=\"uagb-buttons__wrap uagb-buttons-layout-wrap\">\n<div class=\"wp-block-uagb-buttons-child uagb-buttons__outer-wrap uagb-block-97ff374e wp-block-button is-style-outline\"><div class=\"uagb-button__wrapper\"><a class=\"uagb-buttons-repeater wp-block-button__link\" href=\"https:\/\/www.instagram.com\/massagem_estoril\/\" onclick=\"return true;\" rel=\"follow noopener\" target=\"_self\"><div class=\"uagb-button__link\">Encomende J\u00e1<\/div><\/a><\/div><\/div>\n\n\n\n<div class=\"wp-block-uagb-buttons-child uagb-buttons__outer-wrap uagb-block-7b3052f7 wp-block-button is-style-outline\"><div class=\"uagb-button__wrapper\"><a class=\"uagb-buttons-repeater wp-block-button__link\" href=\"https:\/\/www.instagram.com\/massagem_estoril\/\" onclick=\"return true;\" rel=\"follow noopener\" target=\"_self\"><div class=\"uagb-button__link\">Saiba Mais<\/div><\/a><\/div><\/div>\n<\/div><\/div>","protected":false},"excerpt":{"rendered":"<p>A Pomada Belfus tem uma formula\u00e7\u00e3o com base em produtos naturais e favorece bem o al\u00edvio de m\u00fasculos cansados e doridos, todo o tipo de entorses e traumatismos e tem ainda uma a\u00e7\u00e3o muito eficaz sobre os problemas de circula\u00e7\u00e3o.Pre\u00e7o: 20.00\u20ac O creme Belfus est\u00e1 dispon\u00edvel em boi\u00e3o de 100ml.<\/p>","protected":false},"author":1,"featured_media":0,"parent":0,"menu_order":0,"comment_status":"closed","ping_status":"closed","template":"","meta":{"_uag_custom_page_level_css":"","site-sidebar-layout":"default","site-content-layout":"","ast-site-content-layout":"","site-content-style":"default","site-sidebar-style":"default","ast-global-header-display":"","ast-banner-title-visibility":"","ast-main-header-display":"","ast-hfb-above-header-display":"","ast-hfb-below-header-display":"","ast-hfb-mobile-header-display":"","site-post-title":"","ast-breadcrumbs-content":"","ast-featured-img":"","footer-sml-layout":"","theme-transparent-header-meta":"","adv-header-id-meta":"","stick-header-meta":"","header-above-stick-meta":"","header-main-stick-meta":"","header-below-stick-meta":"","astra-migrate-meta-layouts":"default","ast-page-background-enabled":"default","ast-page-background-meta":{"desktop":{"background-color":"","background-image":"","background-repeat":"repeat","background-position":"center center","background-size":"auto","background-attachment":"scroll","background-type":"","background-media":"","overlay-type":"","overlay-color":"","overlay-gradient":""},"tablet":{"background-color":"","background-image":"","background-repeat":"repeat","background-position":"center center","background-size":"auto","background-attachment":"scroll","background-type":"","background-media":"","overlay-type":"","overlay-color":"","overlay-gradient":""},"mobile":{"background-color":"","background-image":"","background-repeat":"repeat","background-position":"center center","background-size":"auto","background-attachment":"scroll","background-type":"","background-media":"","overlay-type":"","overlay-color":"","overlay-gradient":""}},"ast-content-background-meta":{"desktop":{"background-color":"var(--ast-global-color-5)","background-image":"","background-repeat":"repeat","background-position":"center center","background-size":"auto","background-attachment":"scroll","background-type":"","background-media":"","overlay-type":"","overlay-color":"","overlay-gradient":""},"tablet":{"background-color":"var(--ast-global-color-5)","background-image":"","background-repeat":"repeat","background-position":"center center","background-size":"auto","background-attachment":"scroll","background-type":"","background-media":"","overlay-type":"","overlay-color":"","overlay-gradient":""},"mobile":{"background-color":"var(--ast-global-color-5)","background-image":"","background-repeat":"repeat","background-position":"center center","background-size":"auto","background-attachment":"scroll","background-type":"","background-media":"","overlay-type":"","overlay-color":"","overlay-gradient":""}},"footnotes":""},"class_list":["post-1594","page","type-page","status-publish","hentry"],"uagb_featured_image_src":{"full":false,"thumbnail":false,"medium":false,"medium_large":false,"large":false,"1536x1536":false,"2048x2048":false,"trp-custom-language-flag":false},"uagb_author_info":{"display_name":"admin","author_link":"https:\/\/massagemestoril.com\/en\/author\/admin\/"},"uagb_comment_info":0,"uagb_excerpt":"A Pomada Belfus tem uma formula\u00e7\u00e3o com base em produtos naturais e favorece bem o al\u00edvio de m\u00fasculos cansados e doridos, todo o tipo de entorses e traumatismos e tem ainda uma a\u00e7\u00e3o muito eficaz sobre os problemas de circula\u00e7\u00e3o.Pre\u00e7o: 20.00\u20ac O creme Belfus est\u00e1 dispon\u00edvel em boi\u00e3o de 100ml.","_links":{"self":[{"href":"https:\/\/massagemestoril.com\/en\/wp-json\/wp\/v2\/pages\/1594","targetHints":{"allow":["GET"]}}],"collection":[{"href":"https:\/\/massagemestoril.com\/en\/wp-json\/wp\/v2\/pages"}],"about":[{"href":"https:\/\/massagemestoril.com\/en\/wp-json\/wp\/v2\/types\/page"}],"author":[{"embeddable":true,"href":"https:\/\/massagemestoril.com\/en\/wp-json\/wp\/v2\/users\/1"}],"replies":[{"embeddable":true,"href":"https:\/\/massagemestoril.com\/en\/wp-json\/wp\/v2\/comments?post=1594"}],"version-history":[{"count":3,"href":"https:\/\/massagemestoril.com\/en\/wp-json\/wp\/v2\/pages\/1594\/revisions"}],"predecessor-version":[{"id":1618,"href":"https:\/\/massagemestoril.com\/en\/wp-json\/wp\/v2\/pages\/1594\/revisions\/1618"}],"wp:attachment":[{"href":"https:\/\/massagemestoril.com\/en\/wp-json\/wp\/v2\/media?parent=1594"}],"curies":[{"name":"wp","href":"https:\/\/api.w.org\/{rel}","templated":true}]}}