{"id":1592,"date":"2023-05-07T20:53:33","date_gmt":"2023-05-07T20:53:33","guid":{"rendered":"https:\/\/massagemestoril.com\/?page_id=1592"},"modified":"2023-05-07T21:34:40","modified_gmt":"2023-05-07T21:34:40","slug":"skintil-complex","status":"publish","type":"page","link":"https:\/\/massagemestoril.com\/en\/skintil-complex\/","title":{"rendered":"SKINTIL Complex"},"content":{"rendered":"<div class=\"wp-block-uagb-container uagb-block-5e6e6d48 alignfull uagb-is-root-container\"><div class=\"uagb-container-inner-blocks-wrap\">\n<div class=\"wp-block-uagb-container uagb-block-42a155a3\">\n<div class=\"wp-block-uagb-image uagb-block-bd3f8188 wp-block-uagb-image--layout-default wp-block-uagb-image--effect-zoomin wp-block-uagb-image--align-none\"><figure class=\"wp-block-uagb-image__figure\"><img decoding=\"async\" data-srcset=\"https:\/\/massagemestoril.com\/wp-content\/uploads\/2023\/05\/SKINTIL-suplemento-Peptido-Colagenio-Acido-Hialuronico-Vitamina-C-60-capsulas-768x1024.jpg\" data-sizes=\"auto, (max-width: 480px) 150px\" data-src=\"https:\/\/massagemestoril.com\/wp-content\/uploads\/2023\/05\/SKINTIL-suplemento-Peptido-Colagenio-Acido-Hialuronico-Vitamina-C-60-capsulas-768x1024.jpg\" alt=\"SKINTIL suplemento P\u00e9ptido Col\u00e1genio \u00c1cido Hialur\u00f4nico Vitamina C 60 capsulas\" class=\"uag-image-1566 lazyload\" width=\"768\" height=\"1024\" title=\"\" src=\"data:image\/svg+xml;base64,PHN2ZyB3aWR0aD0iMSIgaGVpZ2h0PSIxIiB4bWxucz0iaHR0cDovL3d3dy53My5vcmcvMjAwMC9zdmciPjwvc3ZnPg==\" style=\"--smush-placeholder-width: 768px; --smush-placeholder-aspect-ratio: 768\/1024;\" \/><\/figure><\/div>\n<\/div>\n\n\n\n<div class=\"wp-block-uagb-container uagb-block-db0db5b2\">\n<p><em>O COL\u00c1GENIO \u00e9 uma das prote\u00ednas mais abundantes no nosso corpo, mantendo a estrutura e a elasticidade da pele. Quando somos jovens a nossa pele fica firme e tonificada porque o col\u00e1genio est\u00e1 em constante regenera\u00e7\u00e3o.<br><\/em><strong>Pre\u00e7o: 18.20\u20ac<\/strong><\/p>\n\n\n\n<p>Quanto menor a mol\u00e9cula de col\u00e1genio, melhor ela \u00e9 absorvida pelo organismo. Os pept\u00eddeos de col\u00e1genio t\u00eam efeitos antienvelhecimento, antioxidantes, regeneradores e ajudam a estimular a produ\u00e7\u00e3o de col\u00e1genio nas c\u00e9lulas da pele. <br><br>SKINTIL Complex (P\u00e9ptido Col\u00e1genio + \u00c1cido Hialur\u00f4nico + Vitamina C) \u00e9 uma fonte de pept\u00eddeos cientificamente comprovada. Foi cientificamente comprovado que produz resultados para melhoria da elasticidade da pele e redu\u00e7\u00e3o de rugas ap\u00f3s apenas 4 a 8 semanas de uso.<br><br><strong>Usando este produto voc\u00ea vai sentir:<\/strong><br>Hidrata\u00e7\u00e3o da pele desde o interior e ajuda no combate ao envelhecimento. Elasticidade da pele e redu\u00e7\u00e3o de rugas vis\u00edveis. Suporte para a beleza dos cabelos e unhas, e redu\u00e7\u00e3o dos sinais vis\u00edveis da celulite.<\/p>\n<\/div>\n<\/div><\/div>\n\n\n\n<div class=\"wp-block-uagb-buttons uagb-buttons__outer-wrap uagb-btn__default-btn uagb-btn-tablet__default-btn uagb-btn-mobile__default-btn uagb-block-96f35f4d\"><div class=\"uagb-buttons__wrap uagb-buttons-layout-wrap\">\n<div class=\"wp-block-uagb-buttons-child uagb-buttons__outer-wrap uagb-block-ff61cd36 wp-block-button is-style-outline\"><div class=\"uagb-button__wrapper\"><a class=\"uagb-buttons-repeater wp-block-button__link\" href=\"https:\/\/www.instagram.com\/massagem_estoril\/\" onclick=\"return true;\" rel=\"follow noopener\" target=\"_self\"><div class=\"uagb-button__link\">Encomende J\u00e1<\/div><\/a><\/div><\/div>\n\n\n\n<div class=\"wp-block-uagb-buttons-child uagb-buttons__outer-wrap uagb-block-e28f7c87 wp-block-button is-style-outline\"><div class=\"uagb-button__wrapper\"><a class=\"uagb-buttons-repeater wp-block-button__link\" href=\"https:\/\/www.instagram.com\/massagem_estoril\/\" onclick=\"return true;\" rel=\"follow noopener\" target=\"_self\"><div class=\"uagb-button__link\">Saiba Mais<\/div><\/a><\/div><\/div>\n<\/div><\/div>","protected":false},"excerpt":{"rendered":"<p>O COL\u00c1GENIO \u00e9 uma das prote\u00ednas mais abundantes no nosso corpo, mantendo a estrutura e a elasticidade da pele. Quando somos jovens a nossa pele fica firme e tonificada porque o col\u00e1genio est\u00e1 em constante regenera\u00e7\u00e3o.Pre\u00e7o: 18.20\u20ac Quanto menor a mol\u00e9cula de col\u00e1genio, melhor ela \u00e9 absorvida pelo organismo. Os pept\u00eddeos de col\u00e1genio t\u00eam efeitos [&hellip;]<\/p>\n","protected":false},"author":1,"featured_media":0,"parent":0,"menu_order":0,"comment_status":"closed","ping_status":"closed","template":"","meta":{"_uag_custom_page_level_css":"","site-sidebar-layout":"default","site-content-layout":"","ast-site-content-layout":"","site-content-style":"default","site-sidebar-style":"default","ast-global-header-display":"","ast-banner-title-visibility":"","ast-main-header-display":"","ast-hfb-above-header-display":"","ast-hfb-below-header-display":"","ast-hfb-mobile-header-display":"","site-post-title":"","ast-breadcrumbs-content":"","ast-featured-img":"","footer-sml-layout":"","theme-transparent-header-meta":"","adv-header-id-meta":"","stick-header-meta":"","header-above-stick-meta":"","header-main-stick-meta":"","header-below-stick-meta":"","astra-migrate-meta-layouts":"default","ast-page-background-enabled":"default","ast-page-background-meta":{"desktop":{"background-color":"","background-image":"","background-repeat":"repeat","background-position":"center center","background-size":"auto","background-attachment":"scroll","background-type":"","background-media":"","overlay-type":"","overlay-color":"","overlay-gradient":""},"tablet":{"background-color":"","background-image":"","background-repeat":"repeat","background-position":"center center","background-size":"auto","background-attachment":"scroll","background-type":"","background-media":"","overlay-type":"","overlay-color":"","overlay-gradient":""},"mobile":{"background-color":"","background-image":"","background-repeat":"repeat","background-position":"center center","background-size":"auto","background-attachment":"scroll","background-type":"","background-media":"","overlay-type":"","overlay-color":"","overlay-gradient":""}},"ast-content-background-meta":{"desktop":{"background-color":"var(--ast-global-color-5)","background-image":"","background-repeat":"repeat","background-position":"center center","background-size":"auto","background-attachment":"scroll","background-type":"","background-media":"","overlay-type":"","overlay-color":"","overlay-gradient":""},"tablet":{"background-color":"var(--ast-global-color-5)","background-image":"","background-repeat":"repeat","background-position":"center center","background-size":"auto","background-attachment":"scroll","background-type":"","background-media":"","overlay-type":"","overlay-color":"","overlay-gradient":""},"mobile":{"background-color":"var(--ast-global-color-5)","background-image":"","background-repeat":"repeat","background-position":"center center","background-size":"auto","background-attachment":"scroll","background-type":"","background-media":"","overlay-type":"","overlay-color":"","overlay-gradient":""}},"footnotes":""},"class_list":["post-1592","page","type-page","status-publish","hentry"],"uagb_featured_image_src":{"full":false,"thumbnail":false,"medium":false,"medium_large":false,"large":false,"1536x1536":false,"2048x2048":false,"trp-custom-language-flag":false},"uagb_author_info":{"display_name":"admin","author_link":"https:\/\/massagemestoril.com\/en\/author\/admin\/"},"uagb_comment_info":0,"uagb_excerpt":"O COL\u00c1GENIO \u00e9 uma das prote\u00ednas mais abundantes no nosso corpo, mantendo a estrutura e a elasticidade da pele. Quando somos jovens a nossa pele fica firme e tonificada porque o col\u00e1genio est\u00e1 em constante regenera\u00e7\u00e3o.Pre\u00e7o: 18.20\u20ac Quanto menor a mol\u00e9cula de col\u00e1genio, melhor ela \u00e9 absorvida pelo organismo. Os pept\u00eddeos de col\u00e1genio t\u00eam efeitos&hellip;","_links":{"self":[{"href":"https:\/\/massagemestoril.com\/en\/wp-json\/wp\/v2\/pages\/1592","targetHints":{"allow":["GET"]}}],"collection":[{"href":"https:\/\/massagemestoril.com\/en\/wp-json\/wp\/v2\/pages"}],"about":[{"href":"https:\/\/massagemestoril.com\/en\/wp-json\/wp\/v2\/types\/page"}],"author":[{"embeddable":true,"href":"https:\/\/massagemestoril.com\/en\/wp-json\/wp\/v2\/users\/1"}],"replies":[{"embeddable":true,"href":"https:\/\/massagemestoril.com\/en\/wp-json\/wp\/v2\/comments?post=1592"}],"version-history":[{"count":6,"href":"https:\/\/massagemestoril.com\/en\/wp-json\/wp\/v2\/pages\/1592\/revisions"}],"predecessor-version":[{"id":1624,"href":"https:\/\/massagemestoril.com\/en\/wp-json\/wp\/v2\/pages\/1592\/revisions\/1624"}],"wp:attachment":[{"href":"https:\/\/massagemestoril.com\/en\/wp-json\/wp\/v2\/media?parent=1592"}],"curies":[{"name":"wp","href":"https:\/\/api.w.org\/{rel}","templated":true}]}}