{"id":1589,"date":"2023-05-07T20:45:44","date_gmt":"2023-05-07T20:45:44","guid":{"rendered":"https:\/\/massagemestoril.com\/?page_id=1589"},"modified":"2023-05-07T21:20:03","modified_gmt":"2023-05-07T21:20:03","slug":"colestil","status":"publish","type":"page","link":"https:\/\/massagemestoril.com\/en\/colestil\/","title":{"rendered":"COLESTIL"},"content":{"rendered":"<div class=\"wp-block-uagb-container uagb-block-1baad7ef alignfull uagb-is-root-container\"><div class=\"uagb-container-inner-blocks-wrap\">\n<div class=\"wp-block-uagb-container uagb-block-3a0d112d\">\n<div class=\"wp-block-uagb-image uagb-block-3f10c3ea wp-block-uagb-image--layout-default wp-block-uagb-image--effect-zoomin wp-block-uagb-image--align-none\"><figure class=\"wp-block-uagb-image__figure\"><img decoding=\"async\" data-srcset=\"https:\/\/massagemestoril.com\/wp-content\/uploads\/2023\/05\/COLESTIL-suplemento-alimentar-60-capsulas.jpg\" data-sizes=\"auto, (max-width: 480px) 150px\" data-src=\"https:\/\/massagemestoril.com\/wp-content\/uploads\/2023\/05\/COLESTIL-suplemento-alimentar-60-capsulas.jpg\" alt=\"COLESTIL suplemento alimentar 60 capsulas\" class=\"uag-image-1564 lazyload\" width=\"670\" height=\"734\" title=\"\" src=\"data:image\/svg+xml;base64,PHN2ZyB3aWR0aD0iMSIgaGVpZ2h0PSIxIiB4bWxucz0iaHR0cDovL3d3dy53My5vcmcvMjAwMC9zdmciPjwvc3ZnPg==\" style=\"--smush-placeholder-width: 670px; --smush-placeholder-aspect-ratio: 670\/734;\" \/><\/figure><\/div>\n<\/div>\n\n\n\n<div class=\"wp-block-uagb-container uagb-block-6905d9f0\">\n<p><em>COLESTIL \u00e9 suplemento alimentar, composto por ingredientes que s\u00e3o arroz vermelho fermentado e Co-enzima Q10 que controlam e ajudam a reduzir o colesterol.<\/em><br><strong>Pre\u00e7o: 19.00\u20ac<\/strong><\/p>\n\n\n\n<ul class=\"wp-block-list\">\n<li><strong>O que \u00e9 arroz vermelho fermentado?<\/strong><br>A levedura da arroz vermelho cont\u00e9m uma variedade de subst\u00e2ncias chamadas monacolinas. Monacolina K \u00e9 reconhecida pela sua capacidade de manter os n\u00edveis normais de colesterol no organismo. Al\u00e9m disso, o arroz vermelho fermentado cont\u00e9m v\u00e1rios \u00e1cidos gordos insaturados e fitoster\u00f3is.<\/li>\n\n\n\n<li><strong>Efeito ben\u00e9fico.<br><\/strong>O efeito ben\u00e9fico \u00e9 obtido com uma ingest\u00e3o di\u00e1ria de 10 mg de monacolina K presentes em prepara\u00e7\u00f5es de arroz vermelho fermentado.<\/li>\n\n\n\n<li><strong>Coenzima Q10<\/strong>.<br>O coenzima Q10 pode ter um papel na preven\u00e7\u00e3o do cancro, de ataques card\u00edacas e de outras doen\u00e7as associadas aos danos dos radicais livres. \u00c9 tamb\u00e9m usado como suplemento para aumentar a energia e contra o envelhecimento. \u00c9 ben\u00e9fico para o cora\u00e7\u00e3o e a circula\u00e7\u00e3o em casos de insufici\u00eancia card\u00edaca.<\/li>\n<\/ul>\n\n\n\n<p>Colesterol \u2013 um n\u00edvel elevado de colesterol no sangue aumenta o risco de crise card\u00edaca, e possivelmente, de acidente vascular cerebral. O colesterol \u00e9 uma subst\u00e2ncia, semelhante \u00e0 gordura, que circula no sangue, mas n\u00edveis elevados podem bloquear as art\u00e9rias, o que pode originar crise card\u00edaca.<\/p>\n<\/div>\n<\/div><\/div>\n\n\n\n<div class=\"wp-block-uagb-buttons uagb-buttons__outer-wrap uagb-btn__default-btn uagb-btn-tablet__default-btn uagb-btn-mobile__default-btn uagb-block-bb5f454c\"><div class=\"uagb-buttons__wrap uagb-buttons-layout-wrap\">\n<div class=\"wp-block-uagb-buttons-child uagb-buttons__outer-wrap uagb-block-8097ba49 wp-block-button is-style-outline\"><div class=\"uagb-button__wrapper\"><a class=\"uagb-buttons-repeater wp-block-button__link\" href=\"https:\/\/www.instagram.com\/massagem_estoril\/\" onclick=\"return true;\" rel=\"follow noopener\" target=\"_self\"><div class=\"uagb-button__link\">Encomende J\u00e1<\/div><\/a><\/div><\/div>\n\n\n\n<div class=\"wp-block-uagb-buttons-child uagb-buttons__outer-wrap uagb-block-678fbcc9 wp-block-button is-style-outline\"><div class=\"uagb-button__wrapper\"><a class=\"uagb-buttons-repeater wp-block-button__link\" href=\"https:\/\/www.instagram.com\/massagem_estoril\/\" onclick=\"return true;\" rel=\"follow noopener\" target=\"_self\"><div class=\"uagb-button__link\">Saiba Mais<\/div><\/a><\/div><\/div>\n<\/div><\/div>","protected":false},"excerpt":{"rendered":"<p>COLESTIL \u00e9 suplemento alimentar, composto por ingredientes que s\u00e3o arroz vermelho fermentado e Co-enzima Q10 que controlam e ajudam a reduzir o colesterol.Pre\u00e7o: 19.00\u20ac Colesterol \u2013 um n\u00edvel elevado de colesterol no sangue aumenta o risco de crise card\u00edaca, e possivelmente, de acidente vascular cerebral. O colesterol \u00e9 uma subst\u00e2ncia, semelhante \u00e0 gordura, que circula [&hellip;]<\/p>\n","protected":false},"author":1,"featured_media":0,"parent":0,"menu_order":0,"comment_status":"closed","ping_status":"closed","template":"","meta":{"_uag_custom_page_level_css":"","site-sidebar-layout":"default","site-content-layout":"","ast-site-content-layout":"","site-content-style":"default","site-sidebar-style":"default","ast-global-header-display":"","ast-banner-title-visibility":"","ast-main-header-display":"","ast-hfb-above-header-display":"","ast-hfb-below-header-display":"","ast-hfb-mobile-header-display":"","site-post-title":"","ast-breadcrumbs-content":"","ast-featured-img":"","footer-sml-layout":"","theme-transparent-header-meta":"","adv-header-id-meta":"","stick-header-meta":"","header-above-stick-meta":"","header-main-stick-meta":"","header-below-stick-meta":"","astra-migrate-meta-layouts":"default","ast-page-background-enabled":"default","ast-page-background-meta":{"desktop":{"background-color":"","background-image":"","background-repeat":"repeat","background-position":"center center","background-size":"auto","background-attachment":"scroll","background-type":"","background-media":"","overlay-type":"","overlay-color":"","overlay-gradient":""},"tablet":{"background-color":"","background-image":"","background-repeat":"repeat","background-position":"center center","background-size":"auto","background-attachment":"scroll","background-type":"","background-media":"","overlay-type":"","overlay-color":"","overlay-gradient":""},"mobile":{"background-color":"","background-image":"","background-repeat":"repeat","background-position":"center center","background-size":"auto","background-attachment":"scroll","background-type":"","background-media":"","overlay-type":"","overlay-color":"","overlay-gradient":""}},"ast-content-background-meta":{"desktop":{"background-color":"var(--ast-global-color-5)","background-image":"","background-repeat":"repeat","background-position":"center center","background-size":"auto","background-attachment":"scroll","background-type":"","background-media":"","overlay-type":"","overlay-color":"","overlay-gradient":""},"tablet":{"background-color":"var(--ast-global-color-5)","background-image":"","background-repeat":"repeat","background-position":"center center","background-size":"auto","background-attachment":"scroll","background-type":"","background-media":"","overlay-type":"","overlay-color":"","overlay-gradient":""},"mobile":{"background-color":"var(--ast-global-color-5)","background-image":"","background-repeat":"repeat","background-position":"center center","background-size":"auto","background-attachment":"scroll","background-type":"","background-media":"","overlay-type":"","overlay-color":"","overlay-gradient":""}},"footnotes":""},"class_list":["post-1589","page","type-page","status-publish","hentry"],"uagb_featured_image_src":{"full":false,"thumbnail":false,"medium":false,"medium_large":false,"large":false,"1536x1536":false,"2048x2048":false,"trp-custom-language-flag":false},"uagb_author_info":{"display_name":"admin","author_link":"https:\/\/massagemestoril.com\/en\/author\/admin\/"},"uagb_comment_info":0,"uagb_excerpt":"COLESTIL \u00e9 suplemento alimentar, composto por ingredientes que s\u00e3o arroz vermelho fermentado e Co-enzima Q10 que controlam e ajudam a reduzir o colesterol.Pre\u00e7o: 19.00\u20ac Colesterol \u2013 um n\u00edvel elevado de colesterol no sangue aumenta o risco de crise card\u00edaca, e possivelmente, de acidente vascular cerebral. O colesterol \u00e9 uma subst\u00e2ncia, semelhante \u00e0 gordura, que circula&hellip;","_links":{"self":[{"href":"https:\/\/massagemestoril.com\/en\/wp-json\/wp\/v2\/pages\/1589","targetHints":{"allow":["GET"]}}],"collection":[{"href":"https:\/\/massagemestoril.com\/en\/wp-json\/wp\/v2\/pages"}],"about":[{"href":"https:\/\/massagemestoril.com\/en\/wp-json\/wp\/v2\/types\/page"}],"author":[{"embeddable":true,"href":"https:\/\/massagemestoril.com\/en\/wp-json\/wp\/v2\/users\/1"}],"replies":[{"embeddable":true,"href":"https:\/\/massagemestoril.com\/en\/wp-json\/wp\/v2\/comments?post=1589"}],"version-history":[{"count":3,"href":"https:\/\/massagemestoril.com\/en\/wp-json\/wp\/v2\/pages\/1589\/revisions"}],"predecessor-version":[{"id":1612,"href":"https:\/\/massagemestoril.com\/en\/wp-json\/wp\/v2\/pages\/1589\/revisions\/1612"}],"wp:attachment":[{"href":"https:\/\/massagemestoril.com\/en\/wp-json\/wp\/v2\/media?parent=1589"}],"curies":[{"name":"wp","href":"https:\/\/api.w.org\/{rel}","templated":true}]}}