{"id":1570,"date":"2023-05-02T11:17:37","date_gmt":"2023-05-02T11:17:37","guid":{"rendered":"https:\/\/massagemestoril.com\/?page_id=1570"},"modified":"2023-05-07T21:19:06","modified_gmt":"2023-05-07T21:19:06","slug":"bonetill-vitamina-d3-suplemento","status":"publish","type":"page","link":"https:\/\/massagemestoril.com\/en\/bonetill-vitamina-d3-suplemento\/","title":{"rendered":"BONETILL Vitamina D3 Suplemento"},"content":{"rendered":"<div class=\"wp-block-uagb-container uagb-block-1e94067a alignfull uagb-is-root-container\"><div class=\"uagb-container-inner-blocks-wrap\">\n<div class=\"wp-block-uagb-container uagb-block-4c49a241\">\n<div class=\"wp-block-uagb-image uagb-block-cdfe6e73 wp-block-uagb-image--layout-default wp-block-uagb-image--effect-zoomin wp-block-uagb-image--align-none\"><figure class=\"wp-block-uagb-image__figure\"><img decoding=\"async\" data-srcset=\"https:\/\/massagemestoril.com\/wp-content\/uploads\/2023\/05\/BONETILL-Vitamina-D3-suplemento-60-capsulas-824x1024.jpg\" data-sizes=\"auto, (max-width: 480px) 150px\" data-src=\"https:\/\/massagemestoril.com\/wp-content\/uploads\/2023\/05\/BONETILL-Vitamina-D3-suplemento-60-capsulas-824x1024.jpg\" alt=\"BONETILL Vitamina D3 suplemento 60 c\u00e1psulas\" class=\"uag-image-1563 lazyload\" width=\"824\" height=\"1024\" title=\"\" src=\"data:image\/svg+xml;base64,PHN2ZyB3aWR0aD0iMSIgaGVpZ2h0PSIxIiB4bWxucz0iaHR0cDovL3d3dy53My5vcmcvMjAwMC9zdmciPjwvc3ZnPg==\" style=\"--smush-placeholder-width: 824px; --smush-placeholder-aspect-ratio: 824\/1024;\" \/><\/figure><\/div>\n<\/div>\n\n\n\n<div class=\"wp-block-uagb-container uagb-block-e51394d0\">\n<div class=\"wp-block-uagb-star-rating uagb-block-5a1bf1ee\"><p class=\"uag-star-rating__title\">Avaliado pelos clientes: 4.82\/5 <\/p><div class=\"uag-star-rating\" title=\"4.8\/5\"><span class=\"uag-star\">\u2605<\/span><span class=\"uag-star\">\u2605<\/span><span class=\"uag-star\">\u2605<\/span><span class=\"uag-star\">\u2605<\/span><span class=\"uag-star\">\u2605<\/span><\/div><\/div>\n\n\n\n<p><em>Fun\u00e7\u00e3o no corpo humano.<br>A vitamina D3 est\u00e1 envolvida no trabalho de todos os \u00f3rg\u00e3os e sistemas.<\/em><br><strong>Pre\u00e7o: 13.50\u20ac<\/strong><\/p>\n\n\n\n<ul class=\"wp-block-list\">\n<li><strong>Regula a troca de c\u00e1lcio, f\u00f3sforo.<\/strong> <br>Uma das principais fun\u00e7\u00f5es \u00e9 a mineraliza\u00e7\u00e3o do tecido \u00f3sseo e a estimula\u00e7\u00e3o do desenvolvimento normal dos ossos, ligamentos do sistema musculoesquel\u00e9tico em crian\u00e7as. Com a participa\u00e7\u00e3o da vitamina D3 no intestino delgado, o c\u00e1lcio e o f\u00f3sforo s\u00e3o absorvidos dos alimentos ou de complexos biologicamente ativos. Gra\u00e7as \u00e0 vitamina no sangue, \u00e9 fornecida a concentra\u00e7\u00e3o desejada de oligoelementos. A condi\u00e7\u00e3o dos cabelos, unhas, pele e dentes tamb\u00e9m depende da absor\u00e7\u00e3o do c\u00e1lcio sob a a\u00e7\u00e3o da vitamina.<\/li>\n\n\n\n<li><strong>Participa do metabolismo<\/strong>. <br>A vitamina D3 ajuda a normalizar a coagula\u00e7\u00e3o do sangue, melhora a sensibilidade das c\u00e9lulas \u00e0 insulina e a absor\u00e7\u00e3o de carboidratos, ativa a regenera\u00e7\u00e3o das fibras nervosas e aumenta sua sensibilidade e previne a deposi\u00e7\u00e3o de colesterol nas paredes dos vasos sangu\u00edneos.<\/li>\n\n\n\n<li><strong>Fortalece o sistema imunol\u00f3gico.<\/strong> <br>O componente ativo da vitamina D 3 &#8211; colecalciferol inibe o crescimento de neoplasias oncol\u00f3gicas, estimula a resposta imune quando v\u00edrus e bact\u00e9rias entram no corpo, ajuda a combater a inflama\u00e7\u00e3o e tamb\u00e9m previne o desenvolvimento de psor\u00edase e eczema. A vitamina tem um efeito positivo na fun\u00e7\u00e3o respirat\u00f3ria, facilita o tratamento da pneumonia.<\/li>\n<\/ul>\n\n\n\n<p>Nosso NOVO produto Vitamina D3, 60 c\u00e1psulas. Toma di\u00e1ria recomendada e 1 c\u00e1psula por dia.<\/p>\n<\/div>\n<\/div><\/div>\n\n\n\n<div class=\"wp-block-uagb-buttons uagb-buttons__outer-wrap uagb-btn__default-btn uagb-btn-tablet__default-btn uagb-btn-mobile__default-btn uagb-block-1f7b5139\"><div class=\"uagb-buttons__wrap uagb-buttons-layout-wrap\">\n<div class=\"wp-block-uagb-buttons-child uagb-buttons__outer-wrap uagb-block-aa857779 wp-block-button is-style-outline\"><div class=\"uagb-button__wrapper\"><a class=\"uagb-buttons-repeater wp-block-button__link\" href=\"https:\/\/www.instagram.com\/massagem_estoril\/\" onclick=\"return true;\" rel=\"follow noopener\" target=\"_self\"><div class=\"uagb-button__link\">Encomende J\u00e1<\/div><\/a><\/div><\/div>\n\n\n\n<div class=\"wp-block-uagb-buttons-child uagb-buttons__outer-wrap uagb-block-489abadf wp-block-button is-style-outline\"><div class=\"uagb-button__wrapper\"><a class=\"uagb-buttons-repeater wp-block-button__link\" href=\"https:\/\/www.instagram.com\/massagem_estoril\/\" onclick=\"return true;\" rel=\"follow noopener\" target=\"_self\"><div class=\"uagb-button__link\">Saiba Mais<\/div><\/a><\/div><\/div>\n<\/div><\/div>","protected":false},"excerpt":{"rendered":"<p>Fun\u00e7\u00e3o no corpo humano.A vitamina D3 est\u00e1 envolvida no trabalho de todos os \u00f3rg\u00e3os e sistemas.Pre\u00e7o: 13.50\u20ac Nosso NOVO produto Vitamina D3, 60 c\u00e1psulas. Toma di\u00e1ria recomendada e 1 c\u00e1psula por dia.<\/p>","protected":false},"author":1,"featured_media":0,"parent":0,"menu_order":0,"comment_status":"closed","ping_status":"closed","template":"","meta":{"_uag_custom_page_level_css":"","site-sidebar-layout":"default","site-content-layout":"","ast-site-content-layout":"","site-content-style":"default","site-sidebar-style":"default","ast-global-header-display":"","ast-banner-title-visibility":"","ast-main-header-display":"","ast-hfb-above-header-display":"","ast-hfb-below-header-display":"","ast-hfb-mobile-header-display":"","site-post-title":"","ast-breadcrumbs-content":"","ast-featured-img":"","footer-sml-layout":"","theme-transparent-header-meta":"","adv-header-id-meta":"","stick-header-meta":"","header-above-stick-meta":"","header-main-stick-meta":"","header-below-stick-meta":"","astra-migrate-meta-layouts":"default","ast-page-background-enabled":"default","ast-page-background-meta":{"desktop":{"background-color":"","background-image":"","background-repeat":"repeat","background-position":"center center","background-size":"auto","background-attachment":"scroll","background-type":"","background-media":"","overlay-type":"","overlay-color":"","overlay-gradient":""},"tablet":{"background-color":"","background-image":"","background-repeat":"repeat","background-position":"center center","background-size":"auto","background-attachment":"scroll","background-type":"","background-media":"","overlay-type":"","overlay-color":"","overlay-gradient":""},"mobile":{"background-color":"","background-image":"","background-repeat":"repeat","background-position":"center center","background-size":"auto","background-attachment":"scroll","background-type":"","background-media":"","overlay-type":"","overlay-color":"","overlay-gradient":""}},"ast-content-background-meta":{"desktop":{"background-color":"var(--ast-global-color-5)","background-image":"","background-repeat":"repeat","background-position":"center center","background-size":"auto","background-attachment":"scroll","background-type":"","background-media":"","overlay-type":"","overlay-color":"","overlay-gradient":""},"tablet":{"background-color":"var(--ast-global-color-5)","background-image":"","background-repeat":"repeat","background-position":"center center","background-size":"auto","background-attachment":"scroll","background-type":"","background-media":"","overlay-type":"","overlay-color":"","overlay-gradient":""},"mobile":{"background-color":"var(--ast-global-color-5)","background-image":"","background-repeat":"repeat","background-position":"center center","background-size":"auto","background-attachment":"scroll","background-type":"","background-media":"","overlay-type":"","overlay-color":"","overlay-gradient":""}},"footnotes":""},"class_list":["post-1570","page","type-page","status-publish","hentry"],"uagb_featured_image_src":{"full":false,"thumbnail":false,"medium":false,"medium_large":false,"large":false,"1536x1536":false,"2048x2048":false,"trp-custom-language-flag":false},"uagb_author_info":{"display_name":"admin","author_link":"https:\/\/massagemestoril.com\/en\/author\/admin\/"},"uagb_comment_info":0,"uagb_excerpt":"Fun\u00e7\u00e3o no corpo humano.A vitamina D3 est\u00e1 envolvida no trabalho de todos os \u00f3rg\u00e3os e sistemas.Pre\u00e7o: 13.50\u20ac Nosso NOVO produto Vitamina D3, 60 c\u00e1psulas. Toma di\u00e1ria recomendada e 1 c\u00e1psula por dia.","_links":{"self":[{"href":"https:\/\/massagemestoril.com\/en\/wp-json\/wp\/v2\/pages\/1570","targetHints":{"allow":["GET"]}}],"collection":[{"href":"https:\/\/massagemestoril.com\/en\/wp-json\/wp\/v2\/pages"}],"about":[{"href":"https:\/\/massagemestoril.com\/en\/wp-json\/wp\/v2\/types\/page"}],"author":[{"embeddable":true,"href":"https:\/\/massagemestoril.com\/en\/wp-json\/wp\/v2\/users\/1"}],"replies":[{"embeddable":true,"href":"https:\/\/massagemestoril.com\/en\/wp-json\/wp\/v2\/comments?post=1570"}],"version-history":[{"count":11,"href":"https:\/\/massagemestoril.com\/en\/wp-json\/wp\/v2\/pages\/1570\/revisions"}],"predecessor-version":[{"id":1611,"href":"https:\/\/massagemestoril.com\/en\/wp-json\/wp\/v2\/pages\/1570\/revisions\/1611"}],"wp:attachment":[{"href":"https:\/\/massagemestoril.com\/en\/wp-json\/wp\/v2\/media?parent=1570"}],"curies":[{"name":"wp","href":"https:\/\/api.w.org\/{rel}","templated":true}]}}