{"id":1478,"date":"2023-03-23T20:42:03","date_gmt":"2023-03-23T20:42:03","guid":{"rendered":"https:\/\/massagemestoril.com\/?page_id=1478"},"modified":"2023-05-07T21:30:45","modified_gmt":"2023-05-07T21:30:45","slug":"produtos","status":"publish","type":"page","link":"https:\/\/massagemestoril.com\/en\/produtos\/","title":{"rendered":"Produtos"},"content":{"rendered":"<div class=\"wp-block-uagb-container uagb-block-9774d299 alignfull uagb-is-root-container\"><div class=\"uagb-container-inner-blocks-wrap\">\n<div class=\"wp-block-uagb-advanced-heading uagb-block-3cfc1311\"><h2 class=\"uagb-heading-text\">Sa\u00fade e Bem-estar<\/h2><\/div>\n\n\n\n<div class=\"wp-block-uagb-container uagb-block-de770ee8\">\n<div class=\"wp-block-uagb-container uagb-block-4392595a\">\n<div class=\"wp-block-uagb-info-box uagb-block-03191325 uagb-infobox__content-wrap  uagb-infobox-icon-above-title uagb-infobox-image-valign-top\"><div class=\"uagb-ifb-content\"><div class=\"uagb-ifb-image-content\"><img decoding=\"async\" data-src=\"https:\/\/massagemestoril.com\/wp-content\/uploads\/2023\/05\/BONETILL-Vitamina-D3-suplemento-60-capsulas-241x300.jpg\" alt=\"BONETILL Vitamina D3 suplemento 60 c\u00e1psulas\" width=\"241\" height=\"300\" src=\"data:image\/svg+xml;base64,PHN2ZyB3aWR0aD0iMSIgaGVpZ2h0PSIxIiB4bWxucz0iaHR0cDovL3d3dy53My5vcmcvMjAwMC9zdmciPjwvc3ZnPg==\" class=\"lazyload\" style=\"--smush-placeholder-width: 241px; --smush-placeholder-aspect-ratio: 241\/300;\" \/><\/div><div class=\"uagb-ifb-title-wrap\"><h3 class=\"uagb-ifb-title\"><strong><a href=\"https:\/\/massagemestoril.com\/en\/bonetill-vitamina-d3-suplemento\/\" target=\"_blank\" data-type=\"URL\" data-id=\"https:\/\/massagemestoril.com\/bonetill-vitamina-d3-suplemento\/\" rel=\"noreferrer noopener\">BONETILL<\/a><\/strong><\/h3><\/div><p class=\"uagb-ifb-desc\"><strong><em>Fun\u00e7\u00e3o no corpo humano.<br><\/em><\/strong>A vitamina D 3 est\u00e1 envolvida no trabalho de todos os \u00f3rg\u00e3os e sistemas. Regula a troca de c\u00e1lcio, f\u00f3sforo.<\/p><\/div><\/div>\n<\/div>\n\n\n\n<div class=\"wp-block-uagb-container uagb-block-16520ba4\">\n<div class=\"wp-block-uagb-info-box uagb-block-4c154f9e uagb-infobox__content-wrap  uagb-infobox-icon-above-title uagb-infobox-image-valign-top\"><div class=\"uagb-ifb-content\"><div class=\"uagb-ifb-image-content\"><img decoding=\"async\" data-src=\"https:\/\/massagemestoril.com\/wp-content\/uploads\/2023\/05\/COLESTIL-suplemento-alimentar-60-capsulas-274x300.jpg\" alt=\"COLESTIL suplemento alimentar 60 capsulas\" width=\"274\" height=\"300\" src=\"data:image\/svg+xml;base64,PHN2ZyB3aWR0aD0iMSIgaGVpZ2h0PSIxIiB4bWxucz0iaHR0cDovL3d3dy53My5vcmcvMjAwMC9zdmciPjwvc3ZnPg==\" class=\"lazyload\" style=\"--smush-placeholder-width: 274px; --smush-placeholder-aspect-ratio: 274\/300;\" \/><\/div><div class=\"uagb-ifb-title-wrap\"><h3 class=\"uagb-ifb-title\"><strong><a href=\"https:\/\/massagemestoril.com\/en\/colestil\/\" target=\"_blank\" data-type=\"URL\" data-id=\"https:\/\/massagemestoril.com\/colestil\/\" rel=\"noreferrer noopener\">COLESTIL<\/a><\/strong><\/h3><\/div><p class=\"uagb-ifb-desc\"><strong><em>Ajuda a reduzir o colesterol.<\/em><\/strong><br>Composto por ingredientes que s\u00e3o arroz vermelho fermentado e Co-enzima Q10 que controlam e ajudam a reduzir o colesterol.<\/p><\/div><\/div>\n<\/div>\n\n\n\n<div class=\"wp-block-uagb-container uagb-block-bfc462c3\">\n<div class=\"wp-block-uagb-info-box uagb-block-b7e6c30a uagb-infobox__content-wrap  uagb-infobox-icon-above-title uagb-infobox-image-valign-top\"><div class=\"uagb-ifb-content\"><div class=\"uagb-ifb-image-content\"><img decoding=\"async\" data-src=\"https:\/\/massagemestoril.com\/wp-content\/uploads\/2023\/05\/HAIRTIL-suplemento-alimentar-para-Cabelo-e-Unhas-60-capsulas-300x300.jpg\" alt=\"HAIRTIL suplemento alimentar para Cabelo e Unhas 60 capsulas\" width=\"300\" height=\"300\" src=\"data:image\/svg+xml;base64,PHN2ZyB3aWR0aD0iMSIgaGVpZ2h0PSIxIiB4bWxucz0iaHR0cDovL3d3dy53My5vcmcvMjAwMC9zdmciPjwvc3ZnPg==\" class=\"lazyload\" style=\"--smush-placeholder-width: 300px; --smush-placeholder-aspect-ratio: 300\/300;\" \/><\/div><div class=\"uagb-ifb-title-wrap\"><h3 class=\"uagb-ifb-title\"><strong><a href=\"https:\/\/massagemestoril.com\/en\/hairtil\/\" target=\"_blank\" data-type=\"URL\" data-id=\"https:\/\/massagemestoril.com\/hairtil\/\" rel=\"noreferrer noopener\">HAIRTIL<\/a><\/strong><\/h3><\/div><p class=\"uagb-ifb-desc\"><strong><em>Para Cabelo e Unhas.<br><\/em><\/strong>A f\u00f3rmula foi desenvolvida para auxiliar na restaura\u00e7\u00e3o e fortifica\u00e7\u00e3o de cabelos e unhas. O produto funciona para parar a perda de cabelo. <\/p><\/div><\/div>\n<\/div>\n<\/div>\n<\/div><\/div>\n\n\n\n<div class=\"wp-block-uagb-container uagb-block-4cd5e13d alignfull uagb-is-root-container\"><div class=\"uagb-container-inner-blocks-wrap\">\n<div class=\"wp-block-uagb-container uagb-block-00cff195\">\n<div class=\"wp-block-uagb-container uagb-block-41bbb664\">\n<div class=\"wp-block-uagb-info-box uagb-block-2f85231a uagb-infobox__content-wrap  uagb-infobox-icon-above-title uagb-infobox-image-valign-top\"><div class=\"uagb-ifb-content\"><div class=\"uagb-ifb-image-content\"><img decoding=\"async\" data-src=\"https:\/\/massagemestoril.com\/wp-content\/uploads\/2023\/05\/SKINTIL-suplemento-Peptido-Colagenio-Acido-Hialuronico-Vitamina-C-60-capsulas-225x300.jpg\" alt=\"SKINTIL suplemento P\u00e9ptido Col\u00e1genio \u00c1cido Hialur\u00f4nico Vitamina C 60 capsulas\" width=\"225\" height=\"300\" src=\"data:image\/svg+xml;base64,PHN2ZyB3aWR0aD0iMSIgaGVpZ2h0PSIxIiB4bWxucz0iaHR0cDovL3d3dy53My5vcmcvMjAwMC9zdmciPjwvc3ZnPg==\" class=\"lazyload\" style=\"--smush-placeholder-width: 225px; --smush-placeholder-aspect-ratio: 225\/300;\" \/><\/div><div class=\"uagb-ifb-title-wrap\"><h3 class=\"uagb-ifb-title\"><strong><a href=\"https:\/\/massagemestoril.com\/en\/skintil-complex\/\" target=\"_blank\" data-type=\"URL\" data-id=\"https:\/\/massagemestoril.com\/skintil-complex\/\" rel=\"noreferrer noopener\">SKINTIL<\/a><\/strong><\/h3><\/div><p class=\"uagb-ifb-desc\"><strong><em>T\u00eam efeitos antienvelhecimento.<br><\/em><\/strong>O COL\u00c1GENIO \u00e9 uma das prote\u00ednas mais abundantes no nosso corpo, mantendo a estrutura e a elasticidade da pele.<\/p><\/div><\/div>\n<\/div>\n\n\n\n<div class=\"wp-block-uagb-container uagb-block-c2bb57d4\">\n<div class=\"wp-block-uagb-info-box uagb-block-422c057f uagb-infobox__content-wrap  uagb-infobox-icon-above-title uagb-infobox-image-valign-top\"><div class=\"uagb-ifb-content\"><div class=\"uagb-ifb-image-content\"><img decoding=\"async\" data-src=\"https:\/\/massagemestoril.com\/wp-content\/uploads\/2023\/05\/BELFUS-Pomada-anti-inflamatoria-100ml-225x300.jpg\" alt=\"BELFUS Pomada anti-inflamat\u00f3ria 100ml\" width=\"225\" height=\"300\" src=\"data:image\/svg+xml;base64,PHN2ZyB3aWR0aD0iMSIgaGVpZ2h0PSIxIiB4bWxucz0iaHR0cDovL3d3dy53My5vcmcvMjAwMC9zdmciPjwvc3ZnPg==\" class=\"lazyload\" style=\"--smush-placeholder-width: 225px; --smush-placeholder-aspect-ratio: 225\/300;\" \/><\/div><div class=\"uagb-ifb-title-wrap\"><h3 class=\"uagb-ifb-title\"><strong><a href=\"https:\/\/massagemestoril.com\/en\/belfus\/\" target=\"_blank\" data-type=\"URL\" data-id=\"https:\/\/massagemestoril.com\/belfus\/\" rel=\"noreferrer noopener\">BELFUS<\/a><\/strong><\/h3><\/div><p class=\"uagb-ifb-desc\"><strong><em>Anti-inflamat\u00f3ria e analg\u00e9sica.<br><\/em><\/strong>A Pomada Belfus tem uma formula\u00e7\u00e3o com base em produtos naturais e favorece bem o al\u00edvio de m\u00fasculos cansados e doridos.<\/p><\/div><\/div>\n<\/div>\n<\/div>\n<\/div><\/div>\n\n\n\n<div class=\"wp-block-uagb-container uagb-block-f5e8902f alignfull uagb-is-root-container\"><div class=\"uagb-container-inner-blocks-wrap\">\n<div class=\"wp-block-uagb-advanced-heading uagb-block-b94512a3\"><h1 class=\"uagb-heading-text\">Perguntas frequentes<\/h1><\/div>\n\n\n\n<div class=\"wp-block-uagb-container uagb-block-6d63aa0c\"><div class=\"wp-block-uagb-faq uagb-faq__outer-wrap uagb-block-147cfef5 uagb-faq-icon-row uagb-faq-layout-accordion uagb-faq-expand-first-true uagb-faq-inactive-other-true uagb-faq__wrap uagb-buttons-layout-wrap uagb-faq-equal-height\" data-faqtoggle=\"true\" role=\"tablist\"><div class=\"wp-block-uagb-faq-child uagb-faq-child__outer-wrap uagb-faq-item uagb-block-06762bf8\" role=\"tab\" tabindex=\"0\"><div class=\"uagb-faq-questions-button uagb-faq-questions\">\t\t\t<span class=\"uagb-icon uagb-faq-icon-wrap\">\n\t\t\t\t\t\t\t\t<svg xmlns=\"https:\/\/www.w3.org\/2000\/svg\" viewbox= \"0 0 448 512\"><path d=\"M432 256c0 17.69-14.33 32.01-32 32.01H256v144c0 17.69-14.33 31.99-32 31.99s-32-14.3-32-31.99v-144H48c-17.67 0-32-14.32-32-32.01s14.33-31.99 32-31.99H192v-144c0-17.69 14.33-32.01 32-32.01s32 14.32 32 32.01v144h144C417.7 224 432 238.3 432 256z\"><\/path><\/svg>\n\t\t\t\t\t\t\t<\/span>\n\t\t\t\t\t\t<span class=\"uagb-icon-active uagb-faq-icon-wrap\">\n\t\t\t\t\t\t\t\t<svg xmlns=\"https:\/\/www.w3.org\/2000\/svg\" viewbox= \"0 0 448 512\"><path d=\"M400 288h-352c-17.69 0-32-14.32-32-32.01s14.31-31.99 32-31.99h352c17.69 0 32 14.3 32 31.99S417.7 288 400 288z\"><\/path><\/svg>\n\t\t\t\t\t\t\t<\/span>\n\t\t\t<span class=\"uagb-question\">Voc\u00ea entrega?<\/span><\/div><div class=\"uagb-faq-content\"><p>N\u00e3o, n\u00e3o entregamos estes produtos, mas pode vir busc\u00e1-los com a sua sess\u00e3o de massagem.<\/p><\/div><\/div><div class=\"wp-block-uagb-faq-child uagb-faq-child__outer-wrap uagb-faq-item uagb-block-9ecd3c42\" role=\"tab\" tabindex=\"0\"><div class=\"uagb-faq-questions-button uagb-faq-questions\">\t\t\t<span class=\"uagb-icon uagb-faq-icon-wrap\">\n\t\t\t\t\t\t\t\t<svg xmlns=\"https:\/\/www.w3.org\/2000\/svg\" viewbox= \"0 0 448 512\"><path d=\"M432 256c0 17.69-14.33 32.01-32 32.01H256v144c0 17.69-14.33 31.99-32 31.99s-32-14.3-32-31.99v-144H48c-17.67 0-32-14.32-32-32.01s14.33-31.99 32-31.99H192v-144c0-17.69 14.33-32.01 32-32.01s32 14.32 32 32.01v144h144C417.7 224 432 238.3 432 256z\"><\/path><\/svg>\n\t\t\t\t\t\t\t<\/span>\n\t\t\t\t\t\t<span class=\"uagb-icon-active uagb-faq-icon-wrap\">\n\t\t\t\t\t\t\t\t<svg xmlns=\"https:\/\/www.w3.org\/2000\/svg\" viewbox= \"0 0 448 512\"><path d=\"M400 288h-352c-17.69 0-32-14.32-32-32.01s14.31-31.99 32-31.99h352c17.69 0 32 14.3 32 31.99S417.7 288 400 288z\"><\/path><\/svg>\n\t\t\t\t\t\t\t<\/span>\n\t\t\t<span class=\"uagb-question\">Voc\u00eas fazem esses produtos?<\/span><\/div><div class=\"uagb-faq-content\"><p>Temos uma autoriza\u00e7\u00e3o do laborat\u00f3rio que fabrica estes produtos para os listar aqui, mas n\u00e3o fabricamos estes produtos e n\u00e3o assumimos a responsabilidade por eles.<\/p><\/div><\/div><div class=\"wp-block-uagb-faq-child uagb-faq-child__outer-wrap uagb-faq-item uagb-block-60a38f8f\" role=\"tab\" tabindex=\"0\"><div class=\"uagb-faq-questions-button uagb-faq-questions\">\t\t\t<span class=\"uagb-icon uagb-faq-icon-wrap\">\n\t\t\t\t\t\t\t\t<svg xmlns=\"https:\/\/www.w3.org\/2000\/svg\" viewbox= \"0 0 448 512\"><path d=\"M432 256c0 17.69-14.33 32.01-32 32.01H256v144c0 17.69-14.33 31.99-32 31.99s-32-14.3-32-31.99v-144H48c-17.67 0-32-14.32-32-32.01s14.33-31.99 32-31.99H192v-144c0-17.69 14.33-32.01 32-32.01s32 14.32 32 32.01v144h144C417.7 224 432 238.3 432 256z\"><\/path><\/svg>\n\t\t\t\t\t\t\t<\/span>\n\t\t\t\t\t\t<span class=\"uagb-icon-active uagb-faq-icon-wrap\">\n\t\t\t\t\t\t\t\t<svg xmlns=\"https:\/\/www.w3.org\/2000\/svg\" viewbox= \"0 0 448 512\"><path d=\"M400 288h-352c-17.69 0-32-14.32-32-32.01s14.31-31.99 32-31.99h352c17.69 0 32 14.3 32 31.99S417.7 288 400 288z\"><\/path><\/svg>\n\t\t\t\t\t\t\t<\/span>\n\t\t\t<span class=\"uagb-question\">N\u00e3o consigo decidir o que escolher?<\/span><\/div><div class=\"uagb-faq-content\"><p>Venha para a nossa sess\u00e3o de massagem relaxante e o nosso terapeuta ter\u00e1 todo o prazer em dar-lhe alguns conselhos sobre as suas preocupa\u00e7\u00f5es!<\/p><\/div><\/div><\/div><\/div>\n<\/div><\/div>\n\n\n\n<div class=\"wp-block-uagb-container uagb-block-154999f7 alignfull uagb-is-root-container\"><div class=\"uagb-container-inner-blocks-wrap\">\n<div class=\"wp-block-uagb-container uagb-block-ca80461a\">\n<div class=\"wp-block-uagb-advanced-heading uagb-block-53bc34bc\"><h2 class=\"uagb-heading-text\">Marque J\u00e1 a Sua Massagem:<\/h2><\/div>\n<\/div>\n\n\n\n<div class=\"wp-block-uagb-container uagb-block-46cc1289\">\n<div class=\"wp-block-uagb-buttons uagb-buttons__outer-wrap uagb-btn__default-btn uagb-btn-tablet__default-btn uagb-btn-mobile__default-btn uagb-block-1a1c8928\"><div class=\"uagb-buttons__wrap uagb-buttons-layout-wrap\">\n<div class=\"wp-block-uagb-buttons-child uagb-buttons__outer-wrap uagb-block-f18120b4 wp-block-button\"><div class=\"uagb-button__wrapper\"><a class=\"uagb-buttons-repeater wp-block-button__link\" href=\"https:\/\/massagemestoril.setmore.com\/\" onclick=\"return true;\" rel=\"follow noopener\" target=\"_blank\"><div class=\"uagb-button__link\">Book Now<\/div><\/a><\/div><\/div>\n<\/div><\/div>\n<\/div>\n<\/div><\/div>","protected":false},"excerpt":{"rendered":"<p>Sa\u00fade e Bem-estar Perguntas frequentes Marque J\u00e1 a Sua Massagem:<\/p>","protected":false},"author":1,"featured_media":0,"parent":0,"menu_order":0,"comment_status":"closed","ping_status":"closed","template":"","meta":{"_uag_custom_page_level_css":"","site-sidebar-layout":"default","site-content-layout":"","ast-site-content-layout":"","site-content-style":"default","site-sidebar-style":"default","ast-global-header-display":"","ast-banner-title-visibility":"","ast-main-header-display":"","ast-hfb-above-header-display":"","ast-hfb-below-header-display":"","ast-hfb-mobile-header-display":"","site-post-title":"","ast-breadcrumbs-content":"","ast-featured-img":"","footer-sml-layout":"","theme-transparent-header-meta":"","adv-header-id-meta":"","stick-header-meta":"","header-above-stick-meta":"","header-main-stick-meta":"","header-below-stick-meta":"","astra-migrate-meta-layouts":"default","ast-page-background-enabled":"default","ast-page-background-meta":{"desktop":{"background-color":"","background-image":"","background-repeat":"repeat","background-position":"center center","background-size":"auto","background-attachment":"scroll","background-type":"","background-media":"","overlay-type":"","overlay-color":"","overlay-gradient":""},"tablet":{"background-color":"","background-image":"","background-repeat":"repeat","background-position":"center center","background-size":"auto","background-attachment":"scroll","background-type":"","background-media":"","overlay-type":"","overlay-color":"","overlay-gradient":""},"mobile":{"background-color":"","background-image":"","background-repeat":"repeat","background-position":"center center","background-size":"auto","background-attachment":"scroll","background-type":"","background-media":"","overlay-type":"","overlay-color":"","overlay-gradient":""}},"ast-content-background-meta":{"desktop":{"background-color":"var(--ast-global-color-5)","background-image":"","background-repeat":"repeat","background-position":"center center","background-size":"auto","background-attachment":"scroll","background-type":"","background-media":"","overlay-type":"","overlay-color":"","overlay-gradient":""},"tablet":{"background-color":"var(--ast-global-color-5)","background-image":"","background-repeat":"repeat","background-position":"center center","background-size":"auto","background-attachment":"scroll","background-type":"","background-media":"","overlay-type":"","overlay-color":"","overlay-gradient":""},"mobile":{"background-color":"var(--ast-global-color-5)","background-image":"","background-repeat":"repeat","background-position":"center center","background-size":"auto","background-attachment":"scroll","background-type":"","background-media":"","overlay-type":"","overlay-color":"","overlay-gradient":""}},"footnotes":""},"class_list":["post-1478","page","type-page","status-publish","hentry"],"uagb_featured_image_src":{"full":false,"thumbnail":false,"medium":false,"medium_large":false,"large":false,"1536x1536":false,"2048x2048":false,"trp-custom-language-flag":false},"uagb_author_info":{"display_name":"admin","author_link":"https:\/\/massagemestoril.com\/en\/author\/admin\/"},"uagb_comment_info":0,"uagb_excerpt":"Sa\u00fade e Bem-estar Perguntas frequentes Marque J\u00e1 a Sua Massagem:","_links":{"self":[{"href":"https:\/\/massagemestoril.com\/en\/wp-json\/wp\/v2\/pages\/1478","targetHints":{"allow":["GET"]}}],"collection":[{"href":"https:\/\/massagemestoril.com\/en\/wp-json\/wp\/v2\/pages"}],"about":[{"href":"https:\/\/massagemestoril.com\/en\/wp-json\/wp\/v2\/types\/page"}],"author":[{"embeddable":true,"href":"https:\/\/massagemestoril.com\/en\/wp-json\/wp\/v2\/users\/1"}],"replies":[{"embeddable":true,"href":"https:\/\/massagemestoril.com\/en\/wp-json\/wp\/v2\/comments?post=1478"}],"version-history":[{"count":9,"href":"https:\/\/massagemestoril.com\/en\/wp-json\/wp\/v2\/pages\/1478\/revisions"}],"predecessor-version":[{"id":2071,"href":"https:\/\/massagemestoril.com\/en\/wp-json\/wp\/v2\/pages\/1478\/revisions\/2071"}],"wp:attachment":[{"href":"https:\/\/massagemestoril.com\/en\/wp-json\/wp\/v2\/media?parent=1478"}],"curies":[{"name":"wp","href":"https:\/\/api.w.org\/{rel}","templated":true}]}}